{"id":6384,"date":"2025-04-19T10:44:51","date_gmt":"2025-04-19T10:44:51","guid":{"rendered":"https:\/\/petsroyalpalace.com\/product\/new-dog-wheelchair-fully-adjustable\/"},"modified":"2025-04-27T09:12:59","modified_gmt":"2025-04-27T09:12:59","slug":"new-dog-wheelchair-fully-adjustable","status":"publish","type":"product","link":"https:\/\/petsroyalpalace.com\/fr\/produit\/new-dog-wheelchair-fully-adjustable\/","title":{"rendered":"New Dog Wheelchair \u2013 Fully Adjustable"},"content":{"rendered":"<p><!-- [if !mso]&gt;v:* {behavior:url(#default#VML);}o:* {behavior:url(#default#VML);}x:* {behavior:url(#default#VML);}.shape {behavior:url(#default#VML);}&lt;![endif]--> <!--.font0{color:#000000;font-size:11.0pt;font-family:\u5b8b\u4f53;font-weight:400;font-style:normal;text-decoration:none;}.font1{color:#FFFFFF;font-size:11.0pt;font-family:\u5b8b\u4f53;font-weight:700;font-style:normal;text-decoration:none;}br{mso-data-placement:same-cell;}td{padding-top:1px;padding-left:1px;padding-right:1px;mso-ignore:padding;color:#000000;font-size:11.0pt;font-weight:400;font-style:normal;text-decoration:none;font-family:\u5b8b\u4f53;mso-generic-font-family:auto;mso-font-charset:134;mso-number-format:General;border:none;mso-background-source:auto;mso-pattern:auto;text-align:general;vertical-align:middle;white-space:nowrap;mso-rotate:0;mso-protection:locked visible;}.et2{color:#FFFFFF;font-weight:700;mso-generic-font-family:auto;mso-font-charset:134;border-top:.5pt solid #000000;border-right:none;border-bottom:none;border-left:.5pt solid #000000;background:#000000;mso-pattern:#000000 none;text-align:center;}.et3{color:#FFFFFF;font-weight:700;mso-generic-font-family:auto;mso-font-charset:134;border-top:.5pt solid #000000;border-right:none;border-bottom:none;border-left:none;background:#000000;mso-pattern:#000000 none;text-align:center;}.et4{mso-generic-font-family:auto;mso-font-charset:134;border-top:.5pt solid #000000;border-right:none;border-bottom:.5pt solid #000000;border-left:.5pt solid #000000;text-align:center;}.et5{mso-generic-font-family:auto;mso-font-charset:134;mso-number-format:\"m022\u6708022d022\u65e5022\";border-top:.5pt solid #000000;border-right:none;border-bottom:.5pt solid #000000;border-left:none;text-align:center;}.et6{mso-generic-font-family:auto;mso-font-charset:134;border-top:.5pt solid #000000;border-right:none;border-bottom:.5pt solid #000000;border-left:none;text-align:center;}--><\/p>\n<p>New Dog Wheelchair \u2013 Fully Adjustable<br \/>\nGive your pet comfortable mobility tailored to their needs!<\/p>\n<p>Product Description<br \/>\nThis fully adjustable dog or cat wheelchair is designed to provide optimal support for pets with mobility difficulties. With its customizable settings, it adapts perfectly to your dog or cat&#8217;s body shape for unparalleled comfort and stability.<\/p>\n<p>Key Information<br \/>\nAsian Sizing:<\/p>\n<p>1-2 sizes smaller than European\/American standards<\/p>\n<p>Tip: Order one size up if you are between sizes<\/p>\n<p>Allow 2-3 cm for sizing (manual measurement may be required)<\/p>\n<p>Colors:<\/p>\n<p>Slight variations may occur from images (computer screens)<\/p>\n<p>Selection Help:<\/p>\n<p>Consult our size chart before purchasing<\/p>\n<p>Why choose this chair?<br \/>\nUltra-precise adjustment for a perfect fit<br \/>\nSturdy and lightweight structure<br \/>\nOptimized comfort and safety<\/p>\n<table border=\"0\" width=\"461\" cellspacing=\"0\" cellpadding=\"0\">\n<colgroup>\n<col span=\"3\" width=\"101\" \/>\n<col width=\"158\" \/> <\/colgroup>\n<tbody>\n<tr>\n<td class=\"et2\" width=\"101\" height=\"40\">Size<\/td>\n<td class=\"et3\" width=\"101\">Height D<\/td>\n<td class=\"et3\" width=\"101\">Hip<\/td>\n<td class=\"et3\" width=\"158\">Suit weight<\/td>\n<\/tr>\n<tr>\n<td class=\"et4\" height=\"40\"><span style=\"vertical-align: inherit;\"> <span style=\"vertical-align: inherit;\"><span style=\"vertical-align: inherit;\"><span style=\"vertical-align: inherit;\"><span style=\"vertical-align: inherit;\"><span style=\"vertical-align: inherit;\"><span style=\"vertical-align: inherit;\"><span style=\"vertical-align: inherit;\">XXS<\/span><\/span><\/span><\/span><\/span><\/span><\/span> <\/span><\/td>\n<td class=\"et5\"><span style=\"vertical-align: inherit;\"> <span style=\"vertical-align: inherit;\"><span style=\"vertical-align: inherit;\"><span style=\"vertical-align: inherit;\"><span style=\"vertical-align: inherit;\"><span style=\"vertical-align: inherit;\"><span style=\"vertical-align: inherit;\"><span style=\"vertical-align: inherit;\">9-15 cm<\/span><\/span><\/span><\/span><\/span><\/span><\/span> <\/span><\/td>\n<td class=\"et6\"><span style=\"vertical-align: inherit;\"> <span style=\"vertical-align: inherit;\"><span style=\"vertical-align: inherit;\"><span style=\"vertical-align: inherit;\"><span style=\"vertical-align: inherit;\"><span style=\"vertical-align: inherit;\"><span style=\"vertical-align: inherit;\"><span style=\"vertical-align: inherit;\">8-14 cm<\/span><\/span><\/span><\/span><\/span><\/span><\/span> <\/span><\/td>\n<td class=\"et6\"><span style=\"vertical-align: inherit;\"> <span style=\"vertical-align: inherit;\"><span style=\"vertical-align: inherit;\"><span style=\"vertical-align: inherit;\"><span style=\"vertical-align: inherit;\"><span style=\"vertical-align: inherit;\"><span style=\"vertical-align: inherit;\"><span style=\"vertical-align: inherit;\">1 \u00e0 3 kg<\/span><\/span><\/span><\/span><\/span><\/span><\/span> <\/span><\/td>\n<\/tr>\n<tr>\n<td class=\"et4\" height=\"40\"><span style=\"vertical-align: inherit;\"> <span style=\"vertical-align: inherit;\"><span style=\"vertical-align: inherit;\"><span style=\"vertical-align: inherit;\"><span style=\"vertical-align: inherit;\"><span style=\"vertical-align: inherit;\"><span style=\"vertical-align: inherit;\"><span style=\"vertical-align: inherit;\">XS<\/span><\/span><\/span><\/span><\/span><\/span><\/span> <\/span><\/td>\n<td class=\"et6\"><span style=\"vertical-align: inherit;\"> <span style=\"vertical-align: inherit;\"><span style=\"vertical-align: inherit;\"><span style=\"vertical-align: inherit;\"><span style=\"vertical-align: inherit;\"><span style=\"vertical-align: inherit;\"><span style=\"vertical-align: inherit;\"><span style=\"vertical-align: inherit;\">15-24 cm<\/span><\/span><\/span><\/span><\/span><\/span><\/span> <\/span><\/td>\n<td class=\"et6\"><span style=\"vertical-align: inherit;\"> <span style=\"vertical-align: inherit;\"><span style=\"vertical-align: inherit;\"><span style=\"vertical-align: inherit;\"><span style=\"vertical-align: inherit;\"><span style=\"vertical-align: inherit;\"><span style=\"vertical-align: inherit;\"><span style=\"vertical-align: inherit;\">14-20 cm<\/span><\/span><\/span><\/span><\/span><\/span><\/span> <\/span><\/td>\n<td class=\"et6\"><span style=\"vertical-align: inherit;\"> <span style=\"vertical-align: inherit;\"><span style=\"vertical-align: inherit;\"><span style=\"vertical-align: inherit;\"><span style=\"vertical-align: inherit;\"><span style=\"vertical-align: inherit;\"><span style=\"vertical-align: inherit;\"><span style=\"vertical-align: inherit;\">3 \u00e0 10 kg<\/span><\/span><\/span><\/span><\/span><\/span><\/span> <\/span><\/td>\n<\/tr>\n<tr>\n<td class=\"et4\" height=\"40\"><span style=\"vertical-align: inherit;\"> <span style=\"vertical-align: inherit;\"><span style=\"vertical-align: inherit;\"><span style=\"vertical-align: inherit;\"><span style=\"vertical-align: inherit;\"><span style=\"vertical-align: inherit;\"><span style=\"vertical-align: inherit;\"><span style=\"vertical-align: inherit;\">S<\/span><\/span><\/span><\/span><\/span><\/span><\/span> <\/span><\/td>\n<td class=\"et6\"><span style=\"vertical-align: inherit;\"> <span style=\"vertical-align: inherit;\"><span style=\"vertical-align: inherit;\"><span style=\"vertical-align: inherit;\"><span style=\"vertical-align: inherit;\"><span style=\"vertical-align: inherit;\"><span style=\"vertical-align: inherit;\"><span style=\"vertical-align: inherit;\">24-34 cm<\/span><\/span><\/span><\/span><\/span><\/span><\/span> <\/span><\/td>\n<td class=\"et6\"><span style=\"vertical-align: inherit;\"> <span style=\"vertical-align: inherit;\"><span style=\"vertical-align: inherit;\"><span style=\"vertical-align: inherit;\"><span style=\"vertical-align: inherit;\"><span style=\"vertical-align: inherit;\"><span style=\"vertical-align: inherit;\"><span style=\"vertical-align: inherit;\">18-26 cm<\/span><\/span><\/span><\/span><\/span><\/span><\/span> <\/span><\/td>\n<td class=\"et6\"><span style=\"vertical-align: inherit;\"> <span style=\"vertical-align: inherit;\"><span style=\"vertical-align: inherit;\"><span style=\"vertical-align: inherit;\"><span style=\"vertical-align: inherit;\"><span style=\"vertical-align: inherit;\"><span style=\"vertical-align: inherit;\"><span style=\"vertical-align: inherit;\">10-20 kg<\/span><\/span><\/span><\/span><\/span><\/span><\/span> <\/span><\/td>\n<\/tr>\n<\/tbody>\n<\/table>\n<p>&nbsp;<\/p>\n<p><img decoding=\"async\" src=\"https:\/\/cf.cjdropshipping.com\/15785856\/2101645646408.png\" \/> <img fetchpriority=\"high\" decoding=\"async\" src=\"https:\/\/cf.cjdropshipping.com\/16778016\/1631564357945135104.jpg\" width=\"750\" height=\"750\" align=\"absmiddle\" \/> <strong style=\"font-size: 14px;\"> <span style=\"color: #ff00cc; font-size: x-large;\"> <img decoding=\"async\" src=\"https:\/\/cf.cjdropshipping.com\/16778016\/1631564358855299072.jpg\" width=\"750\" height=\"642\" align=\"absmiddle\" \/> <img decoding=\"async\" src=\"https:\/\/cf.cjdropshipping.com\/16778016\/1631564361174749184.jpg\" width=\"750\" height=\"601\" align=\"absmiddle\" \/> <\/span> <\/strong><\/p>\n<p><img loading=\"lazy\" decoding=\"async\" src=\"https:\/\/cf.cjdropshipping.com\/16778016\/1631564361933918208.jpg\" width=\"800\" height=\"600\" align=\"absmiddle\" \/><\/p>\n<p><img loading=\"lazy\" decoding=\"async\" src=\"https:\/\/cf.cjdropshipping.com\/16778016\/1631564362089107456.jpg\" width=\"800\" height=\"600\" align=\"absmiddle\" \/><\/p>\n<p><img loading=\"lazy\" decoding=\"async\" src=\"https:\/\/cf.cjdropshipping.com\/16778016\/1631564363070574592.jpg\" width=\"800\" height=\"600\" align=\"absmiddle\" \/> <img loading=\"lazy\" decoding=\"async\" src=\"https:\/\/cf.cjdropshipping.com\/16778016\/1631564363406118912.jpg\" width=\"750\" height=\"1000\" align=\"absmiddle\" \/> <img decoding=\"async\" src=\"https:\/\/cf.cjdropshipping.com\/15785856\/43391656771.jpg\" \/> <img decoding=\"async\" src=\"https:\/\/cf.cjdropshipping.com\/15785856\/1611334609695.jpg\" \/> <img decoding=\"async\" src=\"https:\/\/cf.cjdropshipping.com\/15785856\/1237453808760.jpg\" \/> <img decoding=\"async\" src=\"https:\/\/cf.cjdropshipping.com\/15785856\/2507680711900.jpg\" \/> <img decoding=\"async\" src=\"https:\/\/cf.cjdropshipping.com\/15785856\/19275614758240.jpg\" \/> <img decoding=\"async\" src=\"https:\/\/cf.cjdropshipping.com\/15785856\/1538990055297.jpg\" \/> <img decoding=\"async\" src=\"https:\/\/cf.cjdropshipping.com\/15785856\/1769421017826.jpg\" \/> <img decoding=\"async\" src=\"https:\/\/cf.cjdropshipping.com\/15785856\/2028678358500.jpg\" \/><\/p>\n","protected":false},"excerpt":{"rendered":"<p><span style=\"vertical-align: inherit;\"><span style=\"vertical-align: inherit;\"><span style=\"vertical-align: inherit;\"><span style=\"vertical-align: inherit;\">Ce fauteuil roulant enti\u00e8rement r\u00e9glable pour chien ou chat est con\u00e7u pour offrir un soutien optimal aux animaux \u00e0 mobilit\u00e9 r\u00e9duite. Gr\u00e2ce \u00e0 ses r\u00e9glages personnalisables, il s&#8217;adapte parfaitement \u00e0 la morphologie de votre chien ou chat pour un confort et une stabilit\u00e9 in\u00e9gal\u00e9es.<\/span><\/span><\/span><\/span><\/p>","protected":false},"featured_media":6376,"comment_status":"open","ping_status":"closed","template":"","meta":{"_uag_custom_page_level_css":""},"product_brand":[],"product_cat":[105,92],"product_tag":[55,50,106],"class_list":{"0":"post-6384","1":"product","2":"type-product","3":"status-publish","4":"has-post-thumbnail","6":"product_cat-animal-mobility-gear","7":"product_cat-cat-hygiene-and-care","8":"product_tag-cat","9":"product_tag-dog","10":"product_tag-wheelchair","11":"latest_post","13":"first","14":"instock","15":"taxable","16":"shipping-taxable","17":"purchasable","18":"product-type-variable"},"yoast_head":"<!-- This site is optimized with the Yoast SEO plugin v27.4 - https:\/\/yoast.com\/product\/yoast-seo-wordpress\/ -->\n<title>New Dog Wheelchair \u2013 Fully Adjustable - petsroyalpalace.com<\/title>\n<meta name=\"description\" content=\"Designed to provide optimal comfort, it adapts perfectly to the shape of your dog or cat&#039;s body, for unparalleled comfort and stability.\" \/>\n<meta name=\"robots\" content=\"index, follow, max-snippet:-1, max-image-preview:large, max-video-preview:-1\" \/>\n<link rel=\"canonical\" href=\"https:\/\/petsroyalpalace.com\/fr\/produit\/new-dog-wheelchair-fully-adjustable\/\" \/>\n<meta property=\"og:locale\" content=\"fr_FR\" \/>\n<meta property=\"og:type\" content=\"article\" \/>\n<meta property=\"og:title\" content=\"New Dog Wheelchair \u2013 Fully Adjustable - petsroyalpalace.com\" \/>\n<meta property=\"og:description\" content=\"Designed to provide optimal comfort, it adapts perfectly to the shape of your dog or cat&#039;s body, for unparalleled comfort and stability.\" \/>\n<meta property=\"og:url\" content=\"https:\/\/petsroyalpalace.com\/fr\/produit\/new-dog-wheelchair-fully-adjustable\/\" \/>\n<meta property=\"og:site_name\" content=\"petsroyalpalace.com\" \/>\n<meta property=\"article:publisher\" content=\"https:\/\/www.facebook.com\/share\/1AXVxC9z5h\/\" \/>\n<meta property=\"article:modified_time\" content=\"2025-04-27T09:12:59+00:00\" \/>\n<meta property=\"og:image\" content=\"https:\/\/petsroyalpalace.com\/wp-content\/uploads\/2025\/04\/5922526745786.jpg\" \/>\n\t<meta property=\"og:image:width\" content=\"1000\" \/>\n\t<meta property=\"og:image:height\" content=\"1000\" \/>\n\t<meta property=\"og:image:type\" content=\"image\/jpeg\" \/>\n<meta name=\"twitter:card\" content=\"summary_large_image\" \/>\n<meta name=\"twitter:label1\" content=\"Dur\u00e9e de lecture estim\u00e9e\" \/>\n\t<meta name=\"twitter:data1\" content=\"5 minutes\" \/>\n<script type=\"application\/ld+json\" class=\"yoast-schema-graph\">{\"@context\":\"https:\\\/\\\/schema.org\",\"@graph\":[{\"@type\":\"WebPage\",\"@id\":\"https:\\\/\\\/petsroyalpalace.com\\\/product\\\/new-dog-wheelchair-fully-adjustable\\\/\",\"url\":\"https:\\\/\\\/petsroyalpalace.com\\\/product\\\/new-dog-wheelchair-fully-adjustable\\\/\",\"name\":\"New Dog Wheelchair \u2013 Fully Adjustable - petsroyalpalace.com\",\"isPartOf\":{\"@id\":\"https:\\\/\\\/petsroyalpalace.com\\\/#website\"},\"primaryImageOfPage\":{\"@id\":\"https:\\\/\\\/petsroyalpalace.com\\\/product\\\/new-dog-wheelchair-fully-adjustable\\\/#primaryimage\"},\"image\":{\"@id\":\"https:\\\/\\\/petsroyalpalace.com\\\/product\\\/new-dog-wheelchair-fully-adjustable\\\/#primaryimage\"},\"thumbnailUrl\":\"https:\\\/\\\/petsroyalpalace.com\\\/wp-content\\\/uploads\\\/2025\\\/04\\\/5922526745786.jpg\",\"datePublished\":\"2025-04-19T10:44:51+00:00\",\"dateModified\":\"2025-04-27T09:12:59+00:00\",\"description\":\"Designed to provide optimal comfort, it adapts perfectly to the shape of your dog or cat's body, for unparalleled comfort and stability.\",\"breadcrumb\":{\"@id\":\"https:\\\/\\\/petsroyalpalace.com\\\/product\\\/new-dog-wheelchair-fully-adjustable\\\/#breadcrumb\"},\"inLanguage\":\"fr-FR\",\"potentialAction\":[{\"@type\":\"ReadAction\",\"target\":[\"https:\\\/\\\/petsroyalpalace.com\\\/product\\\/new-dog-wheelchair-fully-adjustable\\\/\"]}]},{\"@type\":\"ImageObject\",\"inLanguage\":\"fr-FR\",\"@id\":\"https:\\\/\\\/petsroyalpalace.com\\\/product\\\/new-dog-wheelchair-fully-adjustable\\\/#primaryimage\",\"url\":\"https:\\\/\\\/petsroyalpalace.com\\\/wp-content\\\/uploads\\\/2025\\\/04\\\/5922526745786.jpg\",\"contentUrl\":\"https:\\\/\\\/petsroyalpalace.com\\\/wp-content\\\/uploads\\\/2025\\\/04\\\/5922526745786.jpg\",\"width\":1000,\"height\":1000},{\"@type\":\"BreadcrumbList\",\"@id\":\"https:\\\/\\\/petsroyalpalace.com\\\/product\\\/new-dog-wheelchair-fully-adjustable\\\/#breadcrumb\",\"itemListElement\":[{\"@type\":\"ListItem\",\"position\":1,\"name\":\"Accueil\",\"item\":\"https:\\\/\\\/petsroyalpalace.com\\\/\"},{\"@type\":\"ListItem\",\"position\":2,\"name\":\"Shop\",\"item\":\"https:\\\/\\\/www.petsroyalpalace.com\\\/shop\\\/\"},{\"@type\":\"ListItem\",\"position\":3,\"name\":\"New Dog Wheelchair \u2013 Fully Adjustable\"}]},{\"@type\":\"WebSite\",\"@id\":\"https:\\\/\\\/petsroyalpalace.com\\\/#website\",\"url\":\"https:\\\/\\\/petsroyalpalace.com\\\/\",\"name\":\"petsroyalpalace.com\",\"description\":\"Treasures for your beloved companions, royal love delivered to your home.\",\"publisher\":{\"@id\":\"https:\\\/\\\/petsroyalpalace.com\\\/#organization\"},\"potentialAction\":[{\"@type\":\"SearchAction\",\"target\":{\"@type\":\"EntryPoint\",\"urlTemplate\":\"https:\\\/\\\/petsroyalpalace.com\\\/?s={search_term_string}\"},\"query-input\":{\"@type\":\"PropertyValueSpecification\",\"valueRequired\":true,\"valueName\":\"search_term_string\"}}],\"inLanguage\":\"fr-FR\"},{\"@type\":\"Organization\",\"@id\":\"https:\\\/\\\/petsroyalpalace.com\\\/#organization\",\"name\":\"Pets Royal Palace\",\"url\":\"https:\\\/\\\/petsroyalpalace.com\\\/\",\"logo\":{\"@type\":\"ImageObject\",\"inLanguage\":\"fr-FR\",\"@id\":\"https:\\\/\\\/petsroyalpalace.com\\\/#\\\/schema\\\/logo\\\/image\\\/\",\"url\":\"https:\\\/\\\/petsroyalpalace.com\\\/wp-content\\\/uploads\\\/2025\\\/04\\\/cropped-Logo-Pets-Royal-Palace-.jpg\",\"contentUrl\":\"https:\\\/\\\/petsroyalpalace.com\\\/wp-content\\\/uploads\\\/2025\\\/04\\\/cropped-Logo-Pets-Royal-Palace-.jpg\",\"width\":150,\"height\":150,\"caption\":\"Pets Royal Palace\"},\"image\":{\"@id\":\"https:\\\/\\\/petsroyalpalace.com\\\/#\\\/schema\\\/logo\\\/image\\\/\"},\"sameAs\":[\"https:\\\/\\\/www.facebook.com\\\/share\\\/1AXVxC9z5h\\\/\"]}]}<\/script>\n<!-- \/ Yoast SEO plugin. -->","yoast_head_json":{"title":"New Dog Wheelchair \u2013 Fully Adjustable - petsroyalpalace.com","description":"Designed to provide optimal comfort, it adapts perfectly to the shape of your dog or cat's body, for unparalleled comfort and stability.","robots":{"index":"index","follow":"follow","max-snippet":"max-snippet:-1","max-image-preview":"max-image-preview:large","max-video-preview":"max-video-preview:-1"},"canonical":"https:\/\/petsroyalpalace.com\/fr\/produit\/new-dog-wheelchair-fully-adjustable\/","og_locale":"fr_FR","og_type":"article","og_title":"New Dog Wheelchair \u2013 Fully Adjustable - petsroyalpalace.com","og_description":"Designed to provide optimal comfort, it adapts perfectly to the shape of your dog or cat's body, for unparalleled comfort and stability.","og_url":"https:\/\/petsroyalpalace.com\/fr\/produit\/new-dog-wheelchair-fully-adjustable\/","og_site_name":"petsroyalpalace.com","article_publisher":"https:\/\/www.facebook.com\/share\/1AXVxC9z5h\/","article_modified_time":"2025-04-27T09:12:59+00:00","og_image":[{"width":1000,"height":1000,"url":"https:\/\/petsroyalpalace.com\/wp-content\/uploads\/2025\/04\/5922526745786.jpg","type":"image\/jpeg"}],"twitter_card":"summary_large_image","twitter_misc":{"Dur\u00e9e de lecture estim\u00e9e":"5 minutes"},"schema":{"@context":"https:\/\/schema.org","@graph":[{"@type":"WebPage","@id":"https:\/\/petsroyalpalace.com\/product\/new-dog-wheelchair-fully-adjustable\/","url":"https:\/\/petsroyalpalace.com\/product\/new-dog-wheelchair-fully-adjustable\/","name":"New Dog Wheelchair \u2013 Fully Adjustable - petsroyalpalace.com","isPartOf":{"@id":"https:\/\/petsroyalpalace.com\/#website"},"primaryImageOfPage":{"@id":"https:\/\/petsroyalpalace.com\/product\/new-dog-wheelchair-fully-adjustable\/#primaryimage"},"image":{"@id":"https:\/\/petsroyalpalace.com\/product\/new-dog-wheelchair-fully-adjustable\/#primaryimage"},"thumbnailUrl":"https:\/\/petsroyalpalace.com\/wp-content\/uploads\/2025\/04\/5922526745786.jpg","datePublished":"2025-04-19T10:44:51+00:00","dateModified":"2025-04-27T09:12:59+00:00","description":"Designed to provide optimal comfort, it adapts perfectly to the shape of your dog or cat's body, for unparalleled comfort and stability.","breadcrumb":{"@id":"https:\/\/petsroyalpalace.com\/product\/new-dog-wheelchair-fully-adjustable\/#breadcrumb"},"inLanguage":"fr-FR","potentialAction":[{"@type":"ReadAction","target":["https:\/\/petsroyalpalace.com\/product\/new-dog-wheelchair-fully-adjustable\/"]}]},{"@type":"ImageObject","inLanguage":"fr-FR","@id":"https:\/\/petsroyalpalace.com\/product\/new-dog-wheelchair-fully-adjustable\/#primaryimage","url":"https:\/\/petsroyalpalace.com\/wp-content\/uploads\/2025\/04\/5922526745786.jpg","contentUrl":"https:\/\/petsroyalpalace.com\/wp-content\/uploads\/2025\/04\/5922526745786.jpg","width":1000,"height":1000},{"@type":"BreadcrumbList","@id":"https:\/\/petsroyalpalace.com\/product\/new-dog-wheelchair-fully-adjustable\/#breadcrumb","itemListElement":[{"@type":"ListItem","position":1,"name":"Accueil","item":"https:\/\/petsroyalpalace.com\/"},{"@type":"ListItem","position":2,"name":"Shop","item":"https:\/\/www.petsroyalpalace.com\/shop\/"},{"@type":"ListItem","position":3,"name":"New Dog Wheelchair \u2013 Fully Adjustable"}]},{"@type":"WebSite","@id":"https:\/\/petsroyalpalace.com\/#website","url":"https:\/\/petsroyalpalace.com\/","name":"petsroyalpalace.com","description":"Treasures for your beloved companions, royal love delivered to your home.","publisher":{"@id":"https:\/\/petsroyalpalace.com\/#organization"},"potentialAction":[{"@type":"SearchAction","target":{"@type":"EntryPoint","urlTemplate":"https:\/\/petsroyalpalace.com\/?s={search_term_string}"},"query-input":{"@type":"PropertyValueSpecification","valueRequired":true,"valueName":"search_term_string"}}],"inLanguage":"fr-FR"},{"@type":"Organization","@id":"https:\/\/petsroyalpalace.com\/#organization","name":"Pets Royal Palace","url":"https:\/\/petsroyalpalace.com\/","logo":{"@type":"ImageObject","inLanguage":"fr-FR","@id":"https:\/\/petsroyalpalace.com\/#\/schema\/logo\/image\/","url":"https:\/\/petsroyalpalace.com\/wp-content\/uploads\/2025\/04\/cropped-Logo-Pets-Royal-Palace-.jpg","contentUrl":"https:\/\/petsroyalpalace.com\/wp-content\/uploads\/2025\/04\/cropped-Logo-Pets-Royal-Palace-.jpg","width":150,"height":150,"caption":"Pets Royal Palace"},"image":{"@id":"https:\/\/petsroyalpalace.com\/#\/schema\/logo\/image\/"},"sameAs":["https:\/\/www.facebook.com\/share\/1AXVxC9z5h\/"]}]}},"uagb_featured_image_src":{"full":["https:\/\/petsroyalpalace.com\/wp-content\/uploads\/2025\/04\/5922526745786.jpg",1000,1000,false],"thumbnail":["https:\/\/petsroyalpalace.com\/wp-content\/uploads\/2025\/04\/5922526745786-150x150.jpg",150,150,true],"medium":["https:\/\/petsroyalpalace.com\/wp-content\/uploads\/2025\/04\/5922526745786-300x300.jpg",300,300,true],"medium_large":["https:\/\/petsroyalpalace.com\/wp-content\/uploads\/2025\/04\/5922526745786-768x768.jpg",768,768,true],"large":["https:\/\/petsroyalpalace.com\/wp-content\/uploads\/2025\/04\/5922526745786.jpg",780,780,false],"1536x1536":["https:\/\/petsroyalpalace.com\/wp-content\/uploads\/2025\/04\/5922526745786.jpg",1000,1000,false],"2048x2048":["https:\/\/petsroyalpalace.com\/wp-content\/uploads\/2025\/04\/5922526745786.jpg",1000,1000,false],"trp-custom-language-flag":["https:\/\/petsroyalpalace.com\/wp-content\/uploads\/2025\/04\/5922526745786.jpg",12,12,false],"elegant-pink-post-thumb":["https:\/\/petsroyalpalace.com\/wp-content\/uploads\/2025\/04\/5922526745786-80x66.jpg",80,66,true],"elegant-pink-slider":["https:\/\/petsroyalpalace.com\/wp-content\/uploads\/2025\/04\/5922526745786-1000x696.jpg",1000,696,true],"elegant-pink-image":["https:\/\/petsroyalpalace.com\/wp-content\/uploads\/2025\/04\/5922526745786-780x500.jpg",780,500,true],"elegant-pink-image-full":["https:\/\/petsroyalpalace.com\/wp-content\/uploads\/2025\/04\/5922526745786-1000x500.jpg",1000,500,true],"elegant-pink-featured-image":["https:\/\/petsroyalpalace.com\/wp-content\/uploads\/2025\/04\/5922526745786-280x250.jpg",280,250,true],"elegant-pink-3col-image":["https:\/\/petsroyalpalace.com\/wp-content\/uploads\/2025\/04\/5922526745786-380x228.jpg",380,228,true],"woocommerce_thumbnail":["https:\/\/petsroyalpalace.com\/wp-content\/uploads\/2025\/04\/5922526745786-150x150.jpg",150,150,true],"woocommerce_single":["https:\/\/petsroyalpalace.com\/wp-content\/uploads\/2025\/04\/5922526745786-300x300.jpg",300,300,true],"woocommerce_gallery_thumbnail":["https:\/\/petsroyalpalace.com\/wp-content\/uploads\/2025\/04\/5922526745786-100x100.jpg",100,100,true]},"uagb_author_info":{"display_name":"Animaux de compagnie du Palais Royal","author_link":"https:\/\/petsroyalpalace.com\/fr\/author\/"},"uagb_comment_info":0,"uagb_excerpt":"Ce fauteuil roulant enti\u00e8rement r\u00e9glable pour chien ou chat est con\u00e7u pour offrir un soutien optimal aux animaux \u00e0 mobilit\u00e9 r\u00e9duite. Gr\u00e2ce \u00e0 ses r\u00e9glages personnalisables, il s'adapte parfaitement \u00e0 la morphologie de votre chien ou chat pour un confort et une stabilit\u00e9 in\u00e9gal\u00e9es.","_links":{"self":[{"href":"https:\/\/petsroyalpalace.com\/fr\/wp-json\/wp\/v2\/product\/6384","targetHints":{"allow":["GET"]}}],"collection":[{"href":"https:\/\/petsroyalpalace.com\/fr\/wp-json\/wp\/v2\/product"}],"about":[{"href":"https:\/\/petsroyalpalace.com\/fr\/wp-json\/wp\/v2\/types\/product"}],"replies":[{"embeddable":true,"href":"https:\/\/petsroyalpalace.com\/fr\/wp-json\/wp\/v2\/comments?post=6384"}],"wp:featuredmedia":[{"embeddable":true,"href":"https:\/\/petsroyalpalace.com\/fr\/wp-json\/wp\/v2\/media\/6376"}],"wp:attachment":[{"href":"https:\/\/petsroyalpalace.com\/fr\/wp-json\/wp\/v2\/media?parent=6384"}],"wp:term":[{"taxonomy":"product_brand","embeddable":true,"href":"https:\/\/petsroyalpalace.com\/fr\/wp-json\/wp\/v2\/product_brand?post=6384"},{"taxonomy":"product_cat","embeddable":true,"href":"https:\/\/petsroyalpalace.com\/fr\/wp-json\/wp\/v2\/product_cat?post=6384"},{"taxonomy":"product_tag","embeddable":true,"href":"https:\/\/petsroyalpalace.com\/fr\/wp-json\/wp\/v2\/product_tag?post=6384"}],"curies":[{"name":"wp","href":"https:\/\/api.w.org\/{rel}","templated":true}]}}