{"id":6457,"date":"2025-04-19T12:53:42","date_gmt":"2025-04-19T12:53:42","guid":{"rendered":"https:\/\/petsroyalpalace.com\/product\/carrier-bag-for-birds-small-animals-pets-royal-palace\/"},"modified":"2025-04-27T09:15:20","modified_gmt":"2025-04-27T09:15:20","slug":"carrier-bag-for-birds-small-animals-pets-royal-palace","status":"publish","type":"product","link":"https:\/\/petsroyalpalace.com\/fr\/produit\/carrier-bag-for-birds-small-animals-pets-royal-palace\/","title":{"rendered":"Carrier Bag for Birds &#038; Small Animals \u2013 Pets Royal Palace"},"content":{"rendered":"<p>Carrier Bag for Birds and Small Animals \u2013 Pets Royal Palace<\/p>\n<p>Provide your feathered or furry friends with safe and comfortable transportation with our portable and foldable carrier bag. Specially designed for small animals (parrots, hamsters, pigeons, etc.), this carrier combines practicality and animal well-being.<\/p>\n<p>Features:<br \/>\n2 sizes available:<\/p>\n<p>Small: 22 x 19 x 18 cm (ideal for hamsters and small birds)<\/p>\n<p>Large: 30 x 25 x 26 cm (perfect for parrots and pigeons)<br \/>\nBreathable material: Airy fabric for good air circulation<br \/>\nFoldable structure: Compact and easy to store<br \/>\nConvenient transport: Reinforced handle for effortless transport<br \/>\nOptimal visibility: Transparent walls to keep an eye on your pet<\/p>\n<p>Benefits:<br \/>\nSafe transport to the vet or while traveling<br \/>\nOptimal comfort thanks to soft materials<br \/>\nEasy maintenance (quick cleaning)<br \/>\nIdeal for:<\/p>\n<p>Parrots<\/p>\n<p>Hamsters<\/p>\n<p>Pigeons<\/p>\n<p>Other small animals<\/p>\n<p>Pets Royal Palace guarantees accessories designed for the safety and well-being of your pets.<\/p>\n<p>Order the size that suits your pet now!<\/p>\n<p><img decoding=\"async\" src=\"https:\/\/cf.cjdropshipping.com\/3dcf6268-a543-4432-8647-fe2c85d70ba0.jpeg\" \/> <img decoding=\"async\" src=\"https:\/\/cf.cjdropshipping.com\/c3625117-e949-482c-944b-65993d427503.jpeg\" \/> <img decoding=\"async\" src=\"https:\/\/cf.cjdropshipping.com\/a7e104fa-854c-4ec1-b12f-1d9e98c88853.jpeg\" \/> <img decoding=\"async\" src=\"https:\/\/cf.cjdropshipping.com\/27062138-d2f6-443a-82ad-9a5ea449894c.jpeg\" \/> <img decoding=\"async\" src=\"https:\/\/cf.cjdropshipping.com\/5e6bec3a-5606-4186-bf1c-4ad447ca7a27.jpeg\" \/> <img decoding=\"async\" src=\"https:\/\/cf.cjdropshipping.com\/9cd62abb-fbff-44be-81b9-675297bce073.jpeg\" \/> <img decoding=\"async\" src=\"https:\/\/cf.cjdropshipping.com\/db0f4753-d942-46ce-8a3c-9fa08bc94333.jpeg\" \/> <img decoding=\"async\" src=\"https:\/\/cf.cjdropshipping.com\/d4a91c12-19bc-4bfb-bff5-340b6d8c2512.jpeg\" \/><\/p>","protected":false},"excerpt":{"rendered":"<p><span style=\"vertical-align: inherit;\"><span style=\"vertical-align: inherit;\">Offrez \u00e0 vos compagnons \u00e0 plumes ou \u00e0 poils un transport s\u00fbr et confortable gr\u00e2ce \u00e0 notre sac de transport portable et pliable. Sp\u00e9cialement con\u00e7u pour les petits animaux (perroquets, hamsters, pigeons, etc.), ce sac allie praticit\u00e9 et bien-\u00eatre animal.<\/span><\/span><\/p>","protected":false},"featured_media":6451,"comment_status":"open","ping_status":"closed","template":"","meta":{"_uag_custom_page_level_css":""},"product_brand":[],"product_cat":[110,89,88,84,87,86,83,100,112],"product_tag":[113,114],"class_list":{"0":"post-6457","1":"product","2":"type-product","3":"status-publish","4":"has-post-thumbnail","6":"product_cat-rodent-carrier","7":"product_cat-chinchillas","8":"product_cat-guinea-pig","9":"product_cat-hamster","10":"product_cat-hedgehogs","11":"product_cat-rabbit","12":"product_cat-rat","13":"product_cat-squirrel","14":"product_cat-transport-cage","15":"product_tag-bird-bag-portable","16":"product_tag-birdcage-foldable","17":"latest_post","19":"first","20":"instock","21":"taxable","22":"shipping-taxable","23":"purchasable","24":"product-type-variable"},"yoast_head":"<!-- This site is optimized with the Yoast SEO plugin v27.4 - https:\/\/yoast.com\/product\/yoast-seo-wordpress\/ -->\n<title>Carrier Bag for Birds &amp; Small Animals \u2013 Pets Royal Palace - petsroyalpalace.com<\/title>\n<meta name=\"description\" content=\"Specially designed for small animals (parrots, hamsters, pigeons, etc.), this carrier combines practicality and animal well-being.\" \/>\n<meta name=\"robots\" content=\"index, follow, max-snippet:-1, max-image-preview:large, max-video-preview:-1\" \/>\n<link rel=\"canonical\" href=\"https:\/\/petsroyalpalace.com\/fr\/produit\/carrier-bag-for-birds-small-animals-pets-royal-palace\/\" \/>\n<meta property=\"og:locale\" content=\"fr_FR\" \/>\n<meta property=\"og:type\" content=\"article\" \/>\n<meta property=\"og:title\" content=\"Carrier Bag for Birds &amp; Small Animals \u2013 Pets Royal Palace - petsroyalpalace.com\" \/>\n<meta property=\"og:description\" content=\"Specially designed for small animals (parrots, hamsters, pigeons, etc.), this carrier combines practicality and animal well-being.\" \/>\n<meta property=\"og:url\" content=\"https:\/\/petsroyalpalace.com\/fr\/produit\/carrier-bag-for-birds-small-animals-pets-royal-palace\/\" \/>\n<meta property=\"og:site_name\" content=\"petsroyalpalace.com\" \/>\n<meta property=\"article:publisher\" content=\"https:\/\/www.facebook.com\/share\/1AXVxC9z5h\/\" \/>\n<meta property=\"article:modified_time\" content=\"2025-04-27T09:15:20+00:00\" \/>\n<meta property=\"og:image\" content=\"https:\/\/petsroyalpalace.com\/wp-content\/uploads\/2025\/04\/a0b01ba4-c655-4df8-81bb-90d4e81a8038.jpeg\" \/>\n\t<meta property=\"og:image:width\" content=\"800\" \/>\n\t<meta property=\"og:image:height\" content=\"800\" \/>\n\t<meta property=\"og:image:type\" content=\"image\/jpeg\" \/>\n<meta name=\"twitter:card\" content=\"summary_large_image\" \/>\n<meta name=\"twitter:label1\" content=\"Dur\u00e9e de lecture estim\u00e9e\" \/>\n\t<meta name=\"twitter:data1\" content=\"2 minutes\" \/>\n<script type=\"application\/ld+json\" class=\"yoast-schema-graph\">{\"@context\":\"https:\\\/\\\/schema.org\",\"@graph\":[{\"@type\":\"WebPage\",\"@id\":\"https:\\\/\\\/petsroyalpalace.com\\\/product\\\/carrier-bag-for-birds-small-animals-pets-royal-palace\\\/\",\"url\":\"https:\\\/\\\/petsroyalpalace.com\\\/product\\\/carrier-bag-for-birds-small-animals-pets-royal-palace\\\/\",\"name\":\"Carrier Bag for Birds & Small Animals \u2013 Pets Royal Palace - petsroyalpalace.com\",\"isPartOf\":{\"@id\":\"https:\\\/\\\/petsroyalpalace.com\\\/#website\"},\"primaryImageOfPage\":{\"@id\":\"https:\\\/\\\/petsroyalpalace.com\\\/product\\\/carrier-bag-for-birds-small-animals-pets-royal-palace\\\/#primaryimage\"},\"image\":{\"@id\":\"https:\\\/\\\/petsroyalpalace.com\\\/product\\\/carrier-bag-for-birds-small-animals-pets-royal-palace\\\/#primaryimage\"},\"thumbnailUrl\":\"https:\\\/\\\/petsroyalpalace.com\\\/wp-content\\\/uploads\\\/2025\\\/04\\\/a0b01ba4-c655-4df8-81bb-90d4e81a8038.jpeg\",\"datePublished\":\"2025-04-19T12:53:42+00:00\",\"dateModified\":\"2025-04-27T09:15:20+00:00\",\"description\":\"Specially designed for small animals (parrots, hamsters, pigeons, etc.), this carrier combines practicality and animal well-being.\",\"breadcrumb\":{\"@id\":\"https:\\\/\\\/petsroyalpalace.com\\\/product\\\/carrier-bag-for-birds-small-animals-pets-royal-palace\\\/#breadcrumb\"},\"inLanguage\":\"fr-FR\",\"potentialAction\":[{\"@type\":\"ReadAction\",\"target\":[\"https:\\\/\\\/petsroyalpalace.com\\\/product\\\/carrier-bag-for-birds-small-animals-pets-royal-palace\\\/\"]}]},{\"@type\":\"ImageObject\",\"inLanguage\":\"fr-FR\",\"@id\":\"https:\\\/\\\/petsroyalpalace.com\\\/product\\\/carrier-bag-for-birds-small-animals-pets-royal-palace\\\/#primaryimage\",\"url\":\"https:\\\/\\\/petsroyalpalace.com\\\/wp-content\\\/uploads\\\/2025\\\/04\\\/a0b01ba4-c655-4df8-81bb-90d4e81a8038.jpeg\",\"contentUrl\":\"https:\\\/\\\/petsroyalpalace.com\\\/wp-content\\\/uploads\\\/2025\\\/04\\\/a0b01ba4-c655-4df8-81bb-90d4e81a8038.jpeg\",\"width\":800,\"height\":800},{\"@type\":\"BreadcrumbList\",\"@id\":\"https:\\\/\\\/petsroyalpalace.com\\\/product\\\/carrier-bag-for-birds-small-animals-pets-royal-palace\\\/#breadcrumb\",\"itemListElement\":[{\"@type\":\"ListItem\",\"position\":1,\"name\":\"Accueil\",\"item\":\"https:\\\/\\\/petsroyalpalace.com\\\/\"},{\"@type\":\"ListItem\",\"position\":2,\"name\":\"Shop\",\"item\":\"https:\\\/\\\/www.petsroyalpalace.com\\\/shop\\\/\"},{\"@type\":\"ListItem\",\"position\":3,\"name\":\"Carrier Bag for Birds &#038; Small Animals \u2013 Pets Royal Palace\"}]},{\"@type\":\"WebSite\",\"@id\":\"https:\\\/\\\/petsroyalpalace.com\\\/#website\",\"url\":\"https:\\\/\\\/petsroyalpalace.com\\\/\",\"name\":\"petsroyalpalace.com\",\"description\":\"Treasures for your beloved companions, royal love delivered to your home.\",\"publisher\":{\"@id\":\"https:\\\/\\\/petsroyalpalace.com\\\/#organization\"},\"potentialAction\":[{\"@type\":\"SearchAction\",\"target\":{\"@type\":\"EntryPoint\",\"urlTemplate\":\"https:\\\/\\\/petsroyalpalace.com\\\/?s={search_term_string}\"},\"query-input\":{\"@type\":\"PropertyValueSpecification\",\"valueRequired\":true,\"valueName\":\"search_term_string\"}}],\"inLanguage\":\"fr-FR\"},{\"@type\":\"Organization\",\"@id\":\"https:\\\/\\\/petsroyalpalace.com\\\/#organization\",\"name\":\"Pets Royal Palace\",\"url\":\"https:\\\/\\\/petsroyalpalace.com\\\/\",\"logo\":{\"@type\":\"ImageObject\",\"inLanguage\":\"fr-FR\",\"@id\":\"https:\\\/\\\/petsroyalpalace.com\\\/#\\\/schema\\\/logo\\\/image\\\/\",\"url\":\"https:\\\/\\\/petsroyalpalace.com\\\/wp-content\\\/uploads\\\/2025\\\/04\\\/cropped-Logo-Pets-Royal-Palace-.jpg\",\"contentUrl\":\"https:\\\/\\\/petsroyalpalace.com\\\/wp-content\\\/uploads\\\/2025\\\/04\\\/cropped-Logo-Pets-Royal-Palace-.jpg\",\"width\":150,\"height\":150,\"caption\":\"Pets Royal Palace\"},\"image\":{\"@id\":\"https:\\\/\\\/petsroyalpalace.com\\\/#\\\/schema\\\/logo\\\/image\\\/\"},\"sameAs\":[\"https:\\\/\\\/www.facebook.com\\\/share\\\/1AXVxC9z5h\\\/\"]}]}<\/script>\n<!-- \/ Yoast SEO plugin. -->","yoast_head_json":{"title":"Carrier Bag for Birds & Small Animals \u2013 Pets Royal Palace - petsroyalpalace.com","description":"Specially designed for small animals (parrots, hamsters, pigeons, etc.), this carrier combines practicality and animal well-being.","robots":{"index":"index","follow":"follow","max-snippet":"max-snippet:-1","max-image-preview":"max-image-preview:large","max-video-preview":"max-video-preview:-1"},"canonical":"https:\/\/petsroyalpalace.com\/fr\/produit\/carrier-bag-for-birds-small-animals-pets-royal-palace\/","og_locale":"fr_FR","og_type":"article","og_title":"Carrier Bag for Birds & Small Animals \u2013 Pets Royal Palace - petsroyalpalace.com","og_description":"Specially designed for small animals (parrots, hamsters, pigeons, etc.), this carrier combines practicality and animal well-being.","og_url":"https:\/\/petsroyalpalace.com\/fr\/produit\/carrier-bag-for-birds-small-animals-pets-royal-palace\/","og_site_name":"petsroyalpalace.com","article_publisher":"https:\/\/www.facebook.com\/share\/1AXVxC9z5h\/","article_modified_time":"2025-04-27T09:15:20+00:00","og_image":[{"width":800,"height":800,"url":"https:\/\/petsroyalpalace.com\/wp-content\/uploads\/2025\/04\/a0b01ba4-c655-4df8-81bb-90d4e81a8038.jpeg","type":"image\/jpeg"}],"twitter_card":"summary_large_image","twitter_misc":{"Dur\u00e9e de lecture estim\u00e9e":"2 minutes"},"schema":{"@context":"https:\/\/schema.org","@graph":[{"@type":"WebPage","@id":"https:\/\/petsroyalpalace.com\/product\/carrier-bag-for-birds-small-animals-pets-royal-palace\/","url":"https:\/\/petsroyalpalace.com\/product\/carrier-bag-for-birds-small-animals-pets-royal-palace\/","name":"Carrier Bag for Birds & Small Animals \u2013 Pets Royal Palace - petsroyalpalace.com","isPartOf":{"@id":"https:\/\/petsroyalpalace.com\/#website"},"primaryImageOfPage":{"@id":"https:\/\/petsroyalpalace.com\/product\/carrier-bag-for-birds-small-animals-pets-royal-palace\/#primaryimage"},"image":{"@id":"https:\/\/petsroyalpalace.com\/product\/carrier-bag-for-birds-small-animals-pets-royal-palace\/#primaryimage"},"thumbnailUrl":"https:\/\/petsroyalpalace.com\/wp-content\/uploads\/2025\/04\/a0b01ba4-c655-4df8-81bb-90d4e81a8038.jpeg","datePublished":"2025-04-19T12:53:42+00:00","dateModified":"2025-04-27T09:15:20+00:00","description":"Specially designed for small animals (parrots, hamsters, pigeons, etc.), this carrier combines practicality and animal well-being.","breadcrumb":{"@id":"https:\/\/petsroyalpalace.com\/product\/carrier-bag-for-birds-small-animals-pets-royal-palace\/#breadcrumb"},"inLanguage":"fr-FR","potentialAction":[{"@type":"ReadAction","target":["https:\/\/petsroyalpalace.com\/product\/carrier-bag-for-birds-small-animals-pets-royal-palace\/"]}]},{"@type":"ImageObject","inLanguage":"fr-FR","@id":"https:\/\/petsroyalpalace.com\/product\/carrier-bag-for-birds-small-animals-pets-royal-palace\/#primaryimage","url":"https:\/\/petsroyalpalace.com\/wp-content\/uploads\/2025\/04\/a0b01ba4-c655-4df8-81bb-90d4e81a8038.jpeg","contentUrl":"https:\/\/petsroyalpalace.com\/wp-content\/uploads\/2025\/04\/a0b01ba4-c655-4df8-81bb-90d4e81a8038.jpeg","width":800,"height":800},{"@type":"BreadcrumbList","@id":"https:\/\/petsroyalpalace.com\/product\/carrier-bag-for-birds-small-animals-pets-royal-palace\/#breadcrumb","itemListElement":[{"@type":"ListItem","position":1,"name":"Accueil","item":"https:\/\/petsroyalpalace.com\/"},{"@type":"ListItem","position":2,"name":"Shop","item":"https:\/\/www.petsroyalpalace.com\/shop\/"},{"@type":"ListItem","position":3,"name":"Carrier Bag for Birds &#038; Small Animals \u2013 Pets Royal Palace"}]},{"@type":"WebSite","@id":"https:\/\/petsroyalpalace.com\/#website","url":"https:\/\/petsroyalpalace.com\/","name":"petsroyalpalace.com","description":"Treasures for your beloved companions, royal love delivered to your home.","publisher":{"@id":"https:\/\/petsroyalpalace.com\/#organization"},"potentialAction":[{"@type":"SearchAction","target":{"@type":"EntryPoint","urlTemplate":"https:\/\/petsroyalpalace.com\/?s={search_term_string}"},"query-input":{"@type":"PropertyValueSpecification","valueRequired":true,"valueName":"search_term_string"}}],"inLanguage":"fr-FR"},{"@type":"Organization","@id":"https:\/\/petsroyalpalace.com\/#organization","name":"Pets Royal Palace","url":"https:\/\/petsroyalpalace.com\/","logo":{"@type":"ImageObject","inLanguage":"fr-FR","@id":"https:\/\/petsroyalpalace.com\/#\/schema\/logo\/image\/","url":"https:\/\/petsroyalpalace.com\/wp-content\/uploads\/2025\/04\/cropped-Logo-Pets-Royal-Palace-.jpg","contentUrl":"https:\/\/petsroyalpalace.com\/wp-content\/uploads\/2025\/04\/cropped-Logo-Pets-Royal-Palace-.jpg","width":150,"height":150,"caption":"Pets Royal Palace"},"image":{"@id":"https:\/\/petsroyalpalace.com\/#\/schema\/logo\/image\/"},"sameAs":["https:\/\/www.facebook.com\/share\/1AXVxC9z5h\/"]}]}},"uagb_featured_image_src":{"full":["https:\/\/petsroyalpalace.com\/wp-content\/uploads\/2025\/04\/a0b01ba4-c655-4df8-81bb-90d4e81a8038.jpeg",800,800,false],"thumbnail":["https:\/\/petsroyalpalace.com\/wp-content\/uploads\/2025\/04\/a0b01ba4-c655-4df8-81bb-90d4e81a8038-150x150.jpeg",150,150,true],"medium":["https:\/\/petsroyalpalace.com\/wp-content\/uploads\/2025\/04\/a0b01ba4-c655-4df8-81bb-90d4e81a8038-300x300.jpeg",300,300,true],"medium_large":["https:\/\/petsroyalpalace.com\/wp-content\/uploads\/2025\/04\/a0b01ba4-c655-4df8-81bb-90d4e81a8038-768x768.jpeg",768,768,true],"large":["https:\/\/petsroyalpalace.com\/wp-content\/uploads\/2025\/04\/a0b01ba4-c655-4df8-81bb-90d4e81a8038.jpeg",780,780,false],"1536x1536":["https:\/\/petsroyalpalace.com\/wp-content\/uploads\/2025\/04\/a0b01ba4-c655-4df8-81bb-90d4e81a8038.jpeg",800,800,false],"2048x2048":["https:\/\/petsroyalpalace.com\/wp-content\/uploads\/2025\/04\/a0b01ba4-c655-4df8-81bb-90d4e81a8038.jpeg",800,800,false],"trp-custom-language-flag":["https:\/\/petsroyalpalace.com\/wp-content\/uploads\/2025\/04\/a0b01ba4-c655-4df8-81bb-90d4e81a8038.jpeg",12,12,false],"elegant-pink-post-thumb":["https:\/\/petsroyalpalace.com\/wp-content\/uploads\/2025\/04\/a0b01ba4-c655-4df8-81bb-90d4e81a8038-80x66.jpeg",80,66,true],"elegant-pink-slider":["https:\/\/petsroyalpalace.com\/wp-content\/uploads\/2025\/04\/a0b01ba4-c655-4df8-81bb-90d4e81a8038-800x696.jpeg",800,696,true],"elegant-pink-image":["https:\/\/petsroyalpalace.com\/wp-content\/uploads\/2025\/04\/a0b01ba4-c655-4df8-81bb-90d4e81a8038-780x500.jpeg",780,500,true],"elegant-pink-image-full":["https:\/\/petsroyalpalace.com\/wp-content\/uploads\/2025\/04\/a0b01ba4-c655-4df8-81bb-90d4e81a8038-800x500.jpeg",800,500,true],"elegant-pink-featured-image":["https:\/\/petsroyalpalace.com\/wp-content\/uploads\/2025\/04\/a0b01ba4-c655-4df8-81bb-90d4e81a8038-280x250.jpeg",280,250,true],"elegant-pink-3col-image":["https:\/\/petsroyalpalace.com\/wp-content\/uploads\/2025\/04\/a0b01ba4-c655-4df8-81bb-90d4e81a8038-380x228.jpeg",380,228,true],"woocommerce_thumbnail":["https:\/\/petsroyalpalace.com\/wp-content\/uploads\/2025\/04\/a0b01ba4-c655-4df8-81bb-90d4e81a8038-150x150.jpeg",150,150,true],"woocommerce_single":["https:\/\/petsroyalpalace.com\/wp-content\/uploads\/2025\/04\/a0b01ba4-c655-4df8-81bb-90d4e81a8038-300x300.jpeg",300,300,true],"woocommerce_gallery_thumbnail":["https:\/\/petsroyalpalace.com\/wp-content\/uploads\/2025\/04\/a0b01ba4-c655-4df8-81bb-90d4e81a8038-100x100.jpeg",100,100,true]},"uagb_author_info":{"display_name":"Animaux de compagnie du Palais Royal","author_link":"https:\/\/petsroyalpalace.com\/fr\/author\/"},"uagb_comment_info":0,"uagb_excerpt":"Offrez \u00e0 vos compagnons \u00e0 plumes ou \u00e0 poils un transport s\u00fbr et confortable gr\u00e2ce \u00e0 notre sac de transport portable et pliable. Sp\u00e9cialement con\u00e7u pour les petits animaux (perroquets, hamsters, pigeons, etc.), ce sac allie praticit\u00e9 et bien-\u00eatre animal.","_links":{"self":[{"href":"https:\/\/petsroyalpalace.com\/fr\/wp-json\/wp\/v2\/product\/6457","targetHints":{"allow":["GET"]}}],"collection":[{"href":"https:\/\/petsroyalpalace.com\/fr\/wp-json\/wp\/v2\/product"}],"about":[{"href":"https:\/\/petsroyalpalace.com\/fr\/wp-json\/wp\/v2\/types\/product"}],"replies":[{"embeddable":true,"href":"https:\/\/petsroyalpalace.com\/fr\/wp-json\/wp\/v2\/comments?post=6457"}],"wp:featuredmedia":[{"embeddable":true,"href":"https:\/\/petsroyalpalace.com\/fr\/wp-json\/wp\/v2\/media\/6451"}],"wp:attachment":[{"href":"https:\/\/petsroyalpalace.com\/fr\/wp-json\/wp\/v2\/media?parent=6457"}],"wp:term":[{"taxonomy":"product_brand","embeddable":true,"href":"https:\/\/petsroyalpalace.com\/fr\/wp-json\/wp\/v2\/product_brand?post=6457"},{"taxonomy":"product_cat","embeddable":true,"href":"https:\/\/petsroyalpalace.com\/fr\/wp-json\/wp\/v2\/product_cat?post=6457"},{"taxonomy":"product_tag","embeddable":true,"href":"https:\/\/petsroyalpalace.com\/fr\/wp-json\/wp\/v2\/product_tag?post=6457"}],"curies":[{"name":"wp","href":"https:\/\/api.w.org\/{rel}","templated":true}]}}