{"id":6662,"date":"2025-04-20T10:35:30","date_gmt":"2025-04-20T10:35:30","guid":{"rendered":"https:\/\/petsroyalpalace.com\/product\/small-and-medium-sized-dog-cat-pet-clothing\/"},"modified":"2025-04-27T09:31:13","modified_gmt":"2025-04-27T09:31:13","slug":"small-and-medium-sized-dog-cat-pet-clothing","status":"publish","type":"product","link":"https:\/\/petsroyalpalace.com\/fr\/produit\/small-and-medium-sized-dog-cat-pet-clothing\/","title":{"rendered":"Small And Medium-sized Dog Cat Pet Clothing"},"content":{"rendered":"<p>Warm Hooded Clothes for Dogs and Cats \u2013 Pets Royal Palace<\/p>\n<p>Dress your pet in style and comfort with our cashmere-blend hoodie! Specially designed for small and medium-sized dogs and cats, this garment combines elegance and warmth with its adorable bear pattern.<\/p>\n<p>Premium Features:<\/p>\n<p>Premium Material<br \/>\nThick composite cashmere: extreme softness and optimal thermal insulation<br \/>\nFleece lining for maximum comfort<\/p>\n<p>Practical and stylish design<br \/>\nCartoon style with trendy bear pattern<br \/>\nAdjustable hood for protection against the cold<br \/>\nTwo-leg cut for freedom of movement<\/p>\n<p>Size Range<br \/>\nAvailable in 5 sizes:<\/p>\n<p>S: Chest 30-35cm \/ Length 20cm<\/p>\n<p>M: 35-40cm \/ 25cm<\/p>\n<p>L: 40-45cm \/ 30cm<\/p>\n<p>XL: 45-50cm \/ 35cm<\/p>\n<p>XXL: 50-55cm \/ 40cm<\/p>\n<p>Available Colors<br \/>\nHeather Gray (elegant and versatile)<br \/>\nSoft Pink (for a cute look)<\/p>\n<p>Exclusive Benefits:<\/p>\n<p>Ideal winter protection against the cold<br \/>\nEasy to put on thanks to its elasticated opening<br \/>\nEasy care (machine washable) Machine washable<br \/>\nSuitable for all small and medium breeds<\/p>\n<p>Contents:<br \/>\n1 \u00d7 Pet Hoodie<\/p>\n<p>Pets Royal Palace Commitment:<br \/>\nWe create fashionable, comfortable, and durable clothing for the well-being of your pets.<\/p>\n<p>Give your pet the best \u2013 Order now!<\/p>\n<p>Note: To choose the correct size, measure your pet&#8217;s chest at its widest point.<\/p>\n<p><img decoding=\"async\" src=\"https:\/\/cf.cjdropshipping.com\/8ab09295-7478-4a50-9ee2-67a05188fc04.jpg\" \/> <img decoding=\"async\" src=\"https:\/\/cf.cjdropshipping.com\/98dae499-7bfb-470c-b43b-fe1d53a2925c.jpg\" \/> <img decoding=\"async\" src=\"https:\/\/cf.cjdropshipping.com\/590901af-759d-411d-a477-fb58b015ec56.jpg\" \/> <img decoding=\"async\" src=\"https:\/\/cf.cjdropshipping.com\/a2515dec-e09c-4394-8e22-2a54ce30f8a1.jpg\" \/> <img decoding=\"async\" src=\"https:\/\/cf.cjdropshipping.com\/43e6bff6-b962-4647-b333-42509ce90b09.jpg\" \/><\/p>","protected":false},"excerpt":{"rendered":"<p><span style=\"vertical-align: inherit;\"><span style=\"vertical-align: inherit;\">Habillez votre animal avec style et confort gr\u00e2ce \u00e0 notre pull \u00e0 capuche en m\u00e9lange de cachemire\u00a0! Sp\u00e9cialement con\u00e7u pour les chiens et chats de petite et moyenne taille, ce v\u00eatement allie \u00e9l\u00e9gance et chaleur gr\u00e2ce \u00e0 son adorable motif ours.<\/span><\/span><\/p>","protected":false},"featured_media":6657,"comment_status":"open","ping_status":"closed","template":"","meta":{"_uag_custom_page_level_css":""},"product_brand":[],"product_cat":[125,123],"product_tag":[124],"class_list":{"0":"post-6662","1":"product","2":"type-product","3":"status-publish","4":"has-post-thumbnail","6":"product_cat-fashion-for-your-cat","7":"product_cat-fashion-for-your-dog","8":"product_tag-pet-clothing","9":"latest_post","11":"first","12":"instock","13":"taxable","14":"shipping-taxable","15":"purchasable","16":"product-type-variable"},"yoast_head":"<!-- This site is optimized with the Yoast SEO plugin v27.4 - https:\/\/yoast.com\/product\/yoast-seo-wordpress\/ -->\n<title>Small And Medium-sized Dog Cat Pet Clothing - petsroyalpalace.com<\/title>\n<meta name=\"description\" content=\"Specially designed for small and medium-sized dogs and cats, this garment combines elegance and warmth with its adorable bear pattern.\" \/>\n<meta name=\"robots\" content=\"index, follow, max-snippet:-1, max-image-preview:large, max-video-preview:-1\" \/>\n<link rel=\"canonical\" href=\"https:\/\/petsroyalpalace.com\/fr\/produit\/small-and-medium-sized-dog-cat-pet-clothing\/\" \/>\n<meta property=\"og:locale\" content=\"fr_FR\" \/>\n<meta property=\"og:type\" content=\"article\" \/>\n<meta property=\"og:title\" content=\"Small And Medium-sized Dog Cat Pet Clothing - petsroyalpalace.com\" \/>\n<meta property=\"og:description\" content=\"Specially designed for small and medium-sized dogs and cats, this garment combines elegance and warmth with its adorable bear pattern.\" \/>\n<meta property=\"og:url\" content=\"https:\/\/petsroyalpalace.com\/fr\/produit\/small-and-medium-sized-dog-cat-pet-clothing\/\" \/>\n<meta property=\"og:site_name\" content=\"petsroyalpalace.com\" \/>\n<meta property=\"article:publisher\" content=\"https:\/\/www.facebook.com\/share\/1AXVxC9z5h\/\" \/>\n<meta property=\"article:modified_time\" content=\"2025-04-27T09:31:13+00:00\" \/>\n<meta property=\"og:image\" content=\"https:\/\/petsroyalpalace.com\/wp-content\/uploads\/2025\/04\/8e08726a-f79d-4685-8bdf-0f583ee9012f.jpg\" \/>\n\t<meta property=\"og:image:width\" content=\"800\" \/>\n\t<meta property=\"og:image:height\" content=\"800\" \/>\n\t<meta property=\"og:image:type\" content=\"image\/jpeg\" \/>\n<meta name=\"twitter:card\" content=\"summary_large_image\" \/>\n<meta name=\"twitter:label1\" content=\"Dur\u00e9e de lecture estim\u00e9e\" \/>\n\t<meta name=\"twitter:data1\" content=\"3 minutes\" \/>\n<script type=\"application\/ld+json\" class=\"yoast-schema-graph\">{\"@context\":\"https:\\\/\\\/schema.org\",\"@graph\":[{\"@type\":\"WebPage\",\"@id\":\"https:\\\/\\\/petsroyalpalace.com\\\/product\\\/small-and-medium-sized-dog-cat-pet-clothing\\\/\",\"url\":\"https:\\\/\\\/petsroyalpalace.com\\\/product\\\/small-and-medium-sized-dog-cat-pet-clothing\\\/\",\"name\":\"Small And Medium-sized Dog Cat Pet Clothing - petsroyalpalace.com\",\"isPartOf\":{\"@id\":\"https:\\\/\\\/petsroyalpalace.com\\\/#website\"},\"primaryImageOfPage\":{\"@id\":\"https:\\\/\\\/petsroyalpalace.com\\\/product\\\/small-and-medium-sized-dog-cat-pet-clothing\\\/#primaryimage\"},\"image\":{\"@id\":\"https:\\\/\\\/petsroyalpalace.com\\\/product\\\/small-and-medium-sized-dog-cat-pet-clothing\\\/#primaryimage\"},\"thumbnailUrl\":\"https:\\\/\\\/petsroyalpalace.com\\\/wp-content\\\/uploads\\\/2025\\\/04\\\/8e08726a-f79d-4685-8bdf-0f583ee9012f.jpg\",\"datePublished\":\"2025-04-20T10:35:30+00:00\",\"dateModified\":\"2025-04-27T09:31:13+00:00\",\"description\":\"Specially designed for small and medium-sized dogs and cats, this garment combines elegance and warmth with its adorable bear pattern.\",\"breadcrumb\":{\"@id\":\"https:\\\/\\\/petsroyalpalace.com\\\/product\\\/small-and-medium-sized-dog-cat-pet-clothing\\\/#breadcrumb\"},\"inLanguage\":\"fr-FR\",\"potentialAction\":[{\"@type\":\"ReadAction\",\"target\":[\"https:\\\/\\\/petsroyalpalace.com\\\/product\\\/small-and-medium-sized-dog-cat-pet-clothing\\\/\"]}]},{\"@type\":\"ImageObject\",\"inLanguage\":\"fr-FR\",\"@id\":\"https:\\\/\\\/petsroyalpalace.com\\\/product\\\/small-and-medium-sized-dog-cat-pet-clothing\\\/#primaryimage\",\"url\":\"https:\\\/\\\/petsroyalpalace.com\\\/wp-content\\\/uploads\\\/2025\\\/04\\\/8e08726a-f79d-4685-8bdf-0f583ee9012f.jpg\",\"contentUrl\":\"https:\\\/\\\/petsroyalpalace.com\\\/wp-content\\\/uploads\\\/2025\\\/04\\\/8e08726a-f79d-4685-8bdf-0f583ee9012f.jpg\",\"width\":800,\"height\":800},{\"@type\":\"BreadcrumbList\",\"@id\":\"https:\\\/\\\/petsroyalpalace.com\\\/product\\\/small-and-medium-sized-dog-cat-pet-clothing\\\/#breadcrumb\",\"itemListElement\":[{\"@type\":\"ListItem\",\"position\":1,\"name\":\"Accueil\",\"item\":\"https:\\\/\\\/petsroyalpalace.com\\\/\"},{\"@type\":\"ListItem\",\"position\":2,\"name\":\"Shop\",\"item\":\"https:\\\/\\\/www.petsroyalpalace.com\\\/shop\\\/\"},{\"@type\":\"ListItem\",\"position\":3,\"name\":\"Small And Medium-sized Dog Cat Pet Clothing\"}]},{\"@type\":\"WebSite\",\"@id\":\"https:\\\/\\\/petsroyalpalace.com\\\/#website\",\"url\":\"https:\\\/\\\/petsroyalpalace.com\\\/\",\"name\":\"petsroyalpalace.com\",\"description\":\"Treasures for your beloved companions, royal love delivered to your home.\",\"publisher\":{\"@id\":\"https:\\\/\\\/petsroyalpalace.com\\\/#organization\"},\"potentialAction\":[{\"@type\":\"SearchAction\",\"target\":{\"@type\":\"EntryPoint\",\"urlTemplate\":\"https:\\\/\\\/petsroyalpalace.com\\\/?s={search_term_string}\"},\"query-input\":{\"@type\":\"PropertyValueSpecification\",\"valueRequired\":true,\"valueName\":\"search_term_string\"}}],\"inLanguage\":\"fr-FR\"},{\"@type\":\"Organization\",\"@id\":\"https:\\\/\\\/petsroyalpalace.com\\\/#organization\",\"name\":\"Pets Royal Palace\",\"url\":\"https:\\\/\\\/petsroyalpalace.com\\\/\",\"logo\":{\"@type\":\"ImageObject\",\"inLanguage\":\"fr-FR\",\"@id\":\"https:\\\/\\\/petsroyalpalace.com\\\/#\\\/schema\\\/logo\\\/image\\\/\",\"url\":\"https:\\\/\\\/petsroyalpalace.com\\\/wp-content\\\/uploads\\\/2025\\\/04\\\/cropped-Logo-Pets-Royal-Palace-.jpg\",\"contentUrl\":\"https:\\\/\\\/petsroyalpalace.com\\\/wp-content\\\/uploads\\\/2025\\\/04\\\/cropped-Logo-Pets-Royal-Palace-.jpg\",\"width\":150,\"height\":150,\"caption\":\"Pets Royal Palace\"},\"image\":{\"@id\":\"https:\\\/\\\/petsroyalpalace.com\\\/#\\\/schema\\\/logo\\\/image\\\/\"},\"sameAs\":[\"https:\\\/\\\/www.facebook.com\\\/share\\\/1AXVxC9z5h\\\/\"]}]}<\/script>\n<!-- \/ Yoast SEO plugin. -->","yoast_head_json":{"title":"Small And Medium-sized Dog Cat Pet Clothing - petsroyalpalace.com","description":"Specially designed for small and medium-sized dogs and cats, this garment combines elegance and warmth with its adorable bear pattern.","robots":{"index":"index","follow":"follow","max-snippet":"max-snippet:-1","max-image-preview":"max-image-preview:large","max-video-preview":"max-video-preview:-1"},"canonical":"https:\/\/petsroyalpalace.com\/fr\/produit\/small-and-medium-sized-dog-cat-pet-clothing\/","og_locale":"fr_FR","og_type":"article","og_title":"Small And Medium-sized Dog Cat Pet Clothing - petsroyalpalace.com","og_description":"Specially designed for small and medium-sized dogs and cats, this garment combines elegance and warmth with its adorable bear pattern.","og_url":"https:\/\/petsroyalpalace.com\/fr\/produit\/small-and-medium-sized-dog-cat-pet-clothing\/","og_site_name":"petsroyalpalace.com","article_publisher":"https:\/\/www.facebook.com\/share\/1AXVxC9z5h\/","article_modified_time":"2025-04-27T09:31:13+00:00","og_image":[{"width":800,"height":800,"url":"https:\/\/petsroyalpalace.com\/wp-content\/uploads\/2025\/04\/8e08726a-f79d-4685-8bdf-0f583ee9012f.jpg","type":"image\/jpeg"}],"twitter_card":"summary_large_image","twitter_misc":{"Dur\u00e9e de lecture estim\u00e9e":"3 minutes"},"schema":{"@context":"https:\/\/schema.org","@graph":[{"@type":"WebPage","@id":"https:\/\/petsroyalpalace.com\/product\/small-and-medium-sized-dog-cat-pet-clothing\/","url":"https:\/\/petsroyalpalace.com\/product\/small-and-medium-sized-dog-cat-pet-clothing\/","name":"Small And Medium-sized Dog Cat Pet Clothing - petsroyalpalace.com","isPartOf":{"@id":"https:\/\/petsroyalpalace.com\/#website"},"primaryImageOfPage":{"@id":"https:\/\/petsroyalpalace.com\/product\/small-and-medium-sized-dog-cat-pet-clothing\/#primaryimage"},"image":{"@id":"https:\/\/petsroyalpalace.com\/product\/small-and-medium-sized-dog-cat-pet-clothing\/#primaryimage"},"thumbnailUrl":"https:\/\/petsroyalpalace.com\/wp-content\/uploads\/2025\/04\/8e08726a-f79d-4685-8bdf-0f583ee9012f.jpg","datePublished":"2025-04-20T10:35:30+00:00","dateModified":"2025-04-27T09:31:13+00:00","description":"Specially designed for small and medium-sized dogs and cats, this garment combines elegance and warmth with its adorable bear pattern.","breadcrumb":{"@id":"https:\/\/petsroyalpalace.com\/product\/small-and-medium-sized-dog-cat-pet-clothing\/#breadcrumb"},"inLanguage":"fr-FR","potentialAction":[{"@type":"ReadAction","target":["https:\/\/petsroyalpalace.com\/product\/small-and-medium-sized-dog-cat-pet-clothing\/"]}]},{"@type":"ImageObject","inLanguage":"fr-FR","@id":"https:\/\/petsroyalpalace.com\/product\/small-and-medium-sized-dog-cat-pet-clothing\/#primaryimage","url":"https:\/\/petsroyalpalace.com\/wp-content\/uploads\/2025\/04\/8e08726a-f79d-4685-8bdf-0f583ee9012f.jpg","contentUrl":"https:\/\/petsroyalpalace.com\/wp-content\/uploads\/2025\/04\/8e08726a-f79d-4685-8bdf-0f583ee9012f.jpg","width":800,"height":800},{"@type":"BreadcrumbList","@id":"https:\/\/petsroyalpalace.com\/product\/small-and-medium-sized-dog-cat-pet-clothing\/#breadcrumb","itemListElement":[{"@type":"ListItem","position":1,"name":"Accueil","item":"https:\/\/petsroyalpalace.com\/"},{"@type":"ListItem","position":2,"name":"Shop","item":"https:\/\/www.petsroyalpalace.com\/shop\/"},{"@type":"ListItem","position":3,"name":"Small And Medium-sized Dog Cat Pet Clothing"}]},{"@type":"WebSite","@id":"https:\/\/petsroyalpalace.com\/#website","url":"https:\/\/petsroyalpalace.com\/","name":"petsroyalpalace.com","description":"Treasures for your beloved companions, royal love delivered to your home.","publisher":{"@id":"https:\/\/petsroyalpalace.com\/#organization"},"potentialAction":[{"@type":"SearchAction","target":{"@type":"EntryPoint","urlTemplate":"https:\/\/petsroyalpalace.com\/?s={search_term_string}"},"query-input":{"@type":"PropertyValueSpecification","valueRequired":true,"valueName":"search_term_string"}}],"inLanguage":"fr-FR"},{"@type":"Organization","@id":"https:\/\/petsroyalpalace.com\/#organization","name":"Pets Royal Palace","url":"https:\/\/petsroyalpalace.com\/","logo":{"@type":"ImageObject","inLanguage":"fr-FR","@id":"https:\/\/petsroyalpalace.com\/#\/schema\/logo\/image\/","url":"https:\/\/petsroyalpalace.com\/wp-content\/uploads\/2025\/04\/cropped-Logo-Pets-Royal-Palace-.jpg","contentUrl":"https:\/\/petsroyalpalace.com\/wp-content\/uploads\/2025\/04\/cropped-Logo-Pets-Royal-Palace-.jpg","width":150,"height":150,"caption":"Pets Royal Palace"},"image":{"@id":"https:\/\/petsroyalpalace.com\/#\/schema\/logo\/image\/"},"sameAs":["https:\/\/www.facebook.com\/share\/1AXVxC9z5h\/"]}]}},"uagb_featured_image_src":{"full":["https:\/\/petsroyalpalace.com\/wp-content\/uploads\/2025\/04\/8e08726a-f79d-4685-8bdf-0f583ee9012f.jpg",800,800,false],"thumbnail":["https:\/\/petsroyalpalace.com\/wp-content\/uploads\/2025\/04\/8e08726a-f79d-4685-8bdf-0f583ee9012f-150x150.jpg",150,150,true],"medium":["https:\/\/petsroyalpalace.com\/wp-content\/uploads\/2025\/04\/8e08726a-f79d-4685-8bdf-0f583ee9012f-300x300.jpg",300,300,true],"medium_large":["https:\/\/petsroyalpalace.com\/wp-content\/uploads\/2025\/04\/8e08726a-f79d-4685-8bdf-0f583ee9012f-768x768.jpg",768,768,true],"large":["https:\/\/petsroyalpalace.com\/wp-content\/uploads\/2025\/04\/8e08726a-f79d-4685-8bdf-0f583ee9012f.jpg",780,780,false],"1536x1536":["https:\/\/petsroyalpalace.com\/wp-content\/uploads\/2025\/04\/8e08726a-f79d-4685-8bdf-0f583ee9012f.jpg",800,800,false],"2048x2048":["https:\/\/petsroyalpalace.com\/wp-content\/uploads\/2025\/04\/8e08726a-f79d-4685-8bdf-0f583ee9012f.jpg",800,800,false],"trp-custom-language-flag":["https:\/\/petsroyalpalace.com\/wp-content\/uploads\/2025\/04\/8e08726a-f79d-4685-8bdf-0f583ee9012f.jpg",12,12,false],"elegant-pink-post-thumb":["https:\/\/petsroyalpalace.com\/wp-content\/uploads\/2025\/04\/8e08726a-f79d-4685-8bdf-0f583ee9012f-80x66.jpg",80,66,true],"elegant-pink-slider":["https:\/\/petsroyalpalace.com\/wp-content\/uploads\/2025\/04\/8e08726a-f79d-4685-8bdf-0f583ee9012f-800x696.jpg",800,696,true],"elegant-pink-image":["https:\/\/petsroyalpalace.com\/wp-content\/uploads\/2025\/04\/8e08726a-f79d-4685-8bdf-0f583ee9012f-780x500.jpg",780,500,true],"elegant-pink-image-full":["https:\/\/petsroyalpalace.com\/wp-content\/uploads\/2025\/04\/8e08726a-f79d-4685-8bdf-0f583ee9012f-800x500.jpg",800,500,true],"elegant-pink-featured-image":["https:\/\/petsroyalpalace.com\/wp-content\/uploads\/2025\/04\/8e08726a-f79d-4685-8bdf-0f583ee9012f-280x250.jpg",280,250,true],"elegant-pink-3col-image":["https:\/\/petsroyalpalace.com\/wp-content\/uploads\/2025\/04\/8e08726a-f79d-4685-8bdf-0f583ee9012f-380x228.jpg",380,228,true],"woocommerce_thumbnail":["https:\/\/petsroyalpalace.com\/wp-content\/uploads\/2025\/04\/8e08726a-f79d-4685-8bdf-0f583ee9012f-150x150.jpg",150,150,true],"woocommerce_single":["https:\/\/petsroyalpalace.com\/wp-content\/uploads\/2025\/04\/8e08726a-f79d-4685-8bdf-0f583ee9012f-300x300.jpg",300,300,true],"woocommerce_gallery_thumbnail":["https:\/\/petsroyalpalace.com\/wp-content\/uploads\/2025\/04\/8e08726a-f79d-4685-8bdf-0f583ee9012f-100x100.jpg",100,100,true]},"uagb_author_info":{"display_name":"Animaux de compagnie du Palais Royal","author_link":"https:\/\/petsroyalpalace.com\/fr\/author\/"},"uagb_comment_info":0,"uagb_excerpt":"Habillez votre animal avec style et confort gr\u00e2ce \u00e0 notre pull \u00e0 capuche en m\u00e9lange de cachemire\u00a0! Sp\u00e9cialement con\u00e7u pour les chiens et chats de petite et moyenne taille, ce v\u00eatement allie \u00e9l\u00e9gance et chaleur gr\u00e2ce \u00e0 son adorable motif ours.","_links":{"self":[{"href":"https:\/\/petsroyalpalace.com\/fr\/wp-json\/wp\/v2\/product\/6662","targetHints":{"allow":["GET"]}}],"collection":[{"href":"https:\/\/petsroyalpalace.com\/fr\/wp-json\/wp\/v2\/product"}],"about":[{"href":"https:\/\/petsroyalpalace.com\/fr\/wp-json\/wp\/v2\/types\/product"}],"replies":[{"embeddable":true,"href":"https:\/\/petsroyalpalace.com\/fr\/wp-json\/wp\/v2\/comments?post=6662"}],"wp:featuredmedia":[{"embeddable":true,"href":"https:\/\/petsroyalpalace.com\/fr\/wp-json\/wp\/v2\/media\/6657"}],"wp:attachment":[{"href":"https:\/\/petsroyalpalace.com\/fr\/wp-json\/wp\/v2\/media?parent=6662"}],"wp:term":[{"taxonomy":"product_brand","embeddable":true,"href":"https:\/\/petsroyalpalace.com\/fr\/wp-json\/wp\/v2\/product_brand?post=6662"},{"taxonomy":"product_cat","embeddable":true,"href":"https:\/\/petsroyalpalace.com\/fr\/wp-json\/wp\/v2\/product_cat?post=6662"},{"taxonomy":"product_tag","embeddable":true,"href":"https:\/\/petsroyalpalace.com\/fr\/wp-json\/wp\/v2\/product_tag?post=6662"}],"curies":[{"name":"wp","href":"https:\/\/api.w.org\/{rel}","templated":true}]}}