{"id":6735,"date":"2025-04-20T11:13:20","date_gmt":"2025-04-20T11:13:20","guid":{"rendered":"https:\/\/petsroyalpalace.com\/product\/double-pet-bowls-dog-food-water-feeder-stainless-steel-pet-drinking-dish-feeder-cat-puppy-feeding-supplies-small-dog-accessories\/"},"modified":"2025-04-27T09:35:23","modified_gmt":"2025-04-27T09:35:23","slug":"double-pet-bowls-dog-food-water-feeder-stainless-steel-pet-drinking-dish-feeder-cat-puppy-feeding-supplies-small-dog-accessories","status":"publish","type":"product","link":"https:\/\/petsroyalpalace.com\/fr\/produit\/double-pet-bowls-dog-food-water-feeder-stainless-steel-pet-drinking-dish-feeder-cat-puppy-feeding-supplies-small-dog-accessories\/","title":{"rendered":"Stainless Steel Double Bowl"},"content":{"rendered":"<p>Stainless Steel Double Bowl \u2013 Pets Royal Palace<\/p>\n<p>Discover our functional double bowl, specially designed to offer your small dog or cat a practical, hygienic, and stylish feeding solution! With its two separate compartments, this set allows you to serve food and water simultaneously for your pet&#8217;s greatest comfort.<\/p>\n<p>Premium Features<br \/>\nPremium Materials<br \/>\nThick stainless steel bowls:<\/p>\n<p>100% BPA and toxin-free<\/p>\n<p>Corrosion and impact resistant<\/p>\n<p>Easy to clean (dishwasher safe)<\/p>\n<p>Woven straw base:<\/p>\n<p>Natural and eco-friendly<\/p>\n<p>Lightweight and aesthetic<\/p>\n<p>Optimized design<br \/>\nCompact dimensions: 24.5 x 13.5 x 4.6 cm (perfect for small grocery shopping)<br \/>\nRounded edges for maximum safety<br \/>\nTrendy colors: Blue, Green, or Pink<\/p>\n<p>Smart features<br \/>\nPerfect separation between food and water<br \/>\nStable thanks to its weighted base<br \/>\nVersatile: also suitable for cats<\/p>\n<p>Key benefits<br \/>\nPrevents mixing of kibble and water<br \/>\nReduces the risk of bacteria (smooth, non-stick surface)<br \/>\nNatural style that blends into any interior<br \/>\nIdeal for travel thanks to its lightweight design<\/p>\n<p>Includes<br \/>\n1 \u00d7 Complete Double Bowl (Base + 2 Bowls)<\/p>\n<p>Why choose Pets Royal Palace?<br \/>\nWe select premium materials and designs with animal welfare in mind!<\/p>\n<p>Offer the perfect mealtime solution \u2013 Order now!<\/p>","protected":false},"excerpt":{"rendered":"<p><span style=\"vertical-align: inherit;\"><span style=\"vertical-align: inherit;\"><span style=\"vertical-align: inherit;\"><span style=\"vertical-align: inherit;\">D\u00e9couvrez notre double gamelle fonctionnelle, sp\u00e9cialement con\u00e7ue pour offrir \u00e0 votre petit chien ou chat une solution d&#8217;alimentation pratique, hygi\u00e9nique et \u00e9l\u00e9gante ! Avec ses deux compartiments s\u00e9par\u00e9s, cet ensemble vous permet de servir de la nourriture et de l&#8217;eau simultan\u00e9ment pour le plus grand confort de votre animal.<\/span><\/span><\/span><\/span><\/p>","protected":false},"featured_media":6725,"comment_status":"open","ping_status":"closed","template":"","meta":{"_uag_custom_page_level_css":""},"product_brand":[],"product_cat":[41,91],"product_tag":[],"class_list":{"0":"post-6735","1":"product","2":"type-product","3":"status-publish","4":"has-post-thumbnail","6":"product_cat-food-and-drink-accessories","7":"product_cat-cat-food-and-drink-accessories","8":"latest_post","10":"first","11":"instock","12":"taxable","13":"shipping-taxable","14":"purchasable","15":"product-type-variable"},"yoast_head":"<!-- This site is optimized with the Yoast SEO plugin v27.4 - https:\/\/yoast.com\/product\/yoast-seo-wordpress\/ -->\n<title>Stainless Steel Double Bowl - petsroyalpalace.com<\/title>\n<meta name=\"description\" content=\"Discover our functional double bowl, specially designed to offer your small dog or cat a practical, hygienic, and stylish feeding solution!\" \/>\n<meta name=\"robots\" content=\"index, follow, max-snippet:-1, max-image-preview:large, max-video-preview:-1\" \/>\n<link rel=\"canonical\" href=\"https:\/\/petsroyalpalace.com\/fr\/produit\/double-pet-bowls-dog-food-water-feeder-stainless-steel-pet-drinking-dish-feeder-cat-puppy-feeding-supplies-small-dog-accessories\/\" \/>\n<meta property=\"og:locale\" content=\"fr_FR\" \/>\n<meta property=\"og:type\" content=\"article\" \/>\n<meta property=\"og:title\" content=\"Stainless Steel Double Bowl - petsroyalpalace.com\" \/>\n<meta property=\"og:description\" content=\"Discover our functional double bowl, specially designed to offer your small dog or cat a practical, hygienic, and stylish feeding solution!\" \/>\n<meta property=\"og:url\" content=\"https:\/\/petsroyalpalace.com\/fr\/produit\/double-pet-bowls-dog-food-water-feeder-stainless-steel-pet-drinking-dish-feeder-cat-puppy-feeding-supplies-small-dog-accessories\/\" \/>\n<meta property=\"og:site_name\" content=\"petsroyalpalace.com\" \/>\n<meta property=\"article:publisher\" content=\"https:\/\/www.facebook.com\/share\/1AXVxC9z5h\/\" \/>\n<meta property=\"article:modified_time\" content=\"2025-04-27T09:35:23+00:00\" \/>\n<meta property=\"og:image\" content=\"https:\/\/petsroyalpalace.com\/wp-content\/uploads\/2025\/04\/7b28cc37-ad77-4db9-865c-09f3b6a9f647.jpg\" \/>\n\t<meta property=\"og:image:width\" content=\"800\" \/>\n\t<meta property=\"og:image:height\" content=\"800\" \/>\n\t<meta property=\"og:image:type\" content=\"image\/jpeg\" \/>\n<meta name=\"twitter:card\" content=\"summary_large_image\" \/>\n<meta name=\"twitter:label1\" content=\"Dur\u00e9e de lecture estim\u00e9e\" \/>\n\t<meta name=\"twitter:data1\" content=\"1 minute\" \/>\n<script type=\"application\/ld+json\" class=\"yoast-schema-graph\">{\"@context\":\"https:\\\/\\\/schema.org\",\"@graph\":[{\"@type\":\"WebPage\",\"@id\":\"https:\\\/\\\/petsroyalpalace.com\\\/product\\\/double-pet-bowls-dog-food-water-feeder-stainless-steel-pet-drinking-dish-feeder-cat-puppy-feeding-supplies-small-dog-accessories\\\/\",\"url\":\"https:\\\/\\\/petsroyalpalace.com\\\/product\\\/double-pet-bowls-dog-food-water-feeder-stainless-steel-pet-drinking-dish-feeder-cat-puppy-feeding-supplies-small-dog-accessories\\\/\",\"name\":\"Stainless Steel Double Bowl - petsroyalpalace.com\",\"isPartOf\":{\"@id\":\"https:\\\/\\\/petsroyalpalace.com\\\/#website\"},\"primaryImageOfPage\":{\"@id\":\"https:\\\/\\\/petsroyalpalace.com\\\/product\\\/double-pet-bowls-dog-food-water-feeder-stainless-steel-pet-drinking-dish-feeder-cat-puppy-feeding-supplies-small-dog-accessories\\\/#primaryimage\"},\"image\":{\"@id\":\"https:\\\/\\\/petsroyalpalace.com\\\/product\\\/double-pet-bowls-dog-food-water-feeder-stainless-steel-pet-drinking-dish-feeder-cat-puppy-feeding-supplies-small-dog-accessories\\\/#primaryimage\"},\"thumbnailUrl\":\"https:\\\/\\\/petsroyalpalace.com\\\/wp-content\\\/uploads\\\/2025\\\/04\\\/7b28cc37-ad77-4db9-865c-09f3b6a9f647.jpg\",\"datePublished\":\"2025-04-20T11:13:20+00:00\",\"dateModified\":\"2025-04-27T09:35:23+00:00\",\"description\":\"Discover our functional double bowl, specially designed to offer your small dog or cat a practical, hygienic, and stylish feeding solution!\",\"breadcrumb\":{\"@id\":\"https:\\\/\\\/petsroyalpalace.com\\\/product\\\/double-pet-bowls-dog-food-water-feeder-stainless-steel-pet-drinking-dish-feeder-cat-puppy-feeding-supplies-small-dog-accessories\\\/#breadcrumb\"},\"inLanguage\":\"fr-FR\",\"potentialAction\":[{\"@type\":\"ReadAction\",\"target\":[\"https:\\\/\\\/petsroyalpalace.com\\\/product\\\/double-pet-bowls-dog-food-water-feeder-stainless-steel-pet-drinking-dish-feeder-cat-puppy-feeding-supplies-small-dog-accessories\\\/\"]}]},{\"@type\":\"ImageObject\",\"inLanguage\":\"fr-FR\",\"@id\":\"https:\\\/\\\/petsroyalpalace.com\\\/product\\\/double-pet-bowls-dog-food-water-feeder-stainless-steel-pet-drinking-dish-feeder-cat-puppy-feeding-supplies-small-dog-accessories\\\/#primaryimage\",\"url\":\"https:\\\/\\\/petsroyalpalace.com\\\/wp-content\\\/uploads\\\/2025\\\/04\\\/7b28cc37-ad77-4db9-865c-09f3b6a9f647.jpg\",\"contentUrl\":\"https:\\\/\\\/petsroyalpalace.com\\\/wp-content\\\/uploads\\\/2025\\\/04\\\/7b28cc37-ad77-4db9-865c-09f3b6a9f647.jpg\",\"width\":800,\"height\":800},{\"@type\":\"BreadcrumbList\",\"@id\":\"https:\\\/\\\/petsroyalpalace.com\\\/product\\\/double-pet-bowls-dog-food-water-feeder-stainless-steel-pet-drinking-dish-feeder-cat-puppy-feeding-supplies-small-dog-accessories\\\/#breadcrumb\",\"itemListElement\":[{\"@type\":\"ListItem\",\"position\":1,\"name\":\"Accueil\",\"item\":\"https:\\\/\\\/petsroyalpalace.com\\\/\"},{\"@type\":\"ListItem\",\"position\":2,\"name\":\"Shop\",\"item\":\"https:\\\/\\\/www.petsroyalpalace.com\\\/shop\\\/\"},{\"@type\":\"ListItem\",\"position\":3,\"name\":\"Stainless Steel Double Bowl\"}]},{\"@type\":\"WebSite\",\"@id\":\"https:\\\/\\\/petsroyalpalace.com\\\/#website\",\"url\":\"https:\\\/\\\/petsroyalpalace.com\\\/\",\"name\":\"petsroyalpalace.com\",\"description\":\"Treasures for your beloved companions, royal love delivered to your home.\",\"publisher\":{\"@id\":\"https:\\\/\\\/petsroyalpalace.com\\\/#organization\"},\"potentialAction\":[{\"@type\":\"SearchAction\",\"target\":{\"@type\":\"EntryPoint\",\"urlTemplate\":\"https:\\\/\\\/petsroyalpalace.com\\\/?s={search_term_string}\"},\"query-input\":{\"@type\":\"PropertyValueSpecification\",\"valueRequired\":true,\"valueName\":\"search_term_string\"}}],\"inLanguage\":\"fr-FR\"},{\"@type\":\"Organization\",\"@id\":\"https:\\\/\\\/petsroyalpalace.com\\\/#organization\",\"name\":\"Pets Royal Palace\",\"url\":\"https:\\\/\\\/petsroyalpalace.com\\\/\",\"logo\":{\"@type\":\"ImageObject\",\"inLanguage\":\"fr-FR\",\"@id\":\"https:\\\/\\\/petsroyalpalace.com\\\/#\\\/schema\\\/logo\\\/image\\\/\",\"url\":\"https:\\\/\\\/petsroyalpalace.com\\\/wp-content\\\/uploads\\\/2025\\\/04\\\/cropped-Logo-Pets-Royal-Palace-.jpg\",\"contentUrl\":\"https:\\\/\\\/petsroyalpalace.com\\\/wp-content\\\/uploads\\\/2025\\\/04\\\/cropped-Logo-Pets-Royal-Palace-.jpg\",\"width\":150,\"height\":150,\"caption\":\"Pets Royal Palace\"},\"image\":{\"@id\":\"https:\\\/\\\/petsroyalpalace.com\\\/#\\\/schema\\\/logo\\\/image\\\/\"},\"sameAs\":[\"https:\\\/\\\/www.facebook.com\\\/share\\\/1AXVxC9z5h\\\/\"]}]}<\/script>\n<!-- \/ Yoast SEO plugin. -->","yoast_head_json":{"title":"Stainless Steel Double Bowl - petsroyalpalace.com","description":"Discover our functional double bowl, specially designed to offer your small dog or cat a practical, hygienic, and stylish feeding solution!","robots":{"index":"index","follow":"follow","max-snippet":"max-snippet:-1","max-image-preview":"max-image-preview:large","max-video-preview":"max-video-preview:-1"},"canonical":"https:\/\/petsroyalpalace.com\/fr\/produit\/double-pet-bowls-dog-food-water-feeder-stainless-steel-pet-drinking-dish-feeder-cat-puppy-feeding-supplies-small-dog-accessories\/","og_locale":"fr_FR","og_type":"article","og_title":"Stainless Steel Double Bowl - petsroyalpalace.com","og_description":"Discover our functional double bowl, specially designed to offer your small dog or cat a practical, hygienic, and stylish feeding solution!","og_url":"https:\/\/petsroyalpalace.com\/fr\/produit\/double-pet-bowls-dog-food-water-feeder-stainless-steel-pet-drinking-dish-feeder-cat-puppy-feeding-supplies-small-dog-accessories\/","og_site_name":"petsroyalpalace.com","article_publisher":"https:\/\/www.facebook.com\/share\/1AXVxC9z5h\/","article_modified_time":"2025-04-27T09:35:23+00:00","og_image":[{"width":800,"height":800,"url":"https:\/\/petsroyalpalace.com\/wp-content\/uploads\/2025\/04\/7b28cc37-ad77-4db9-865c-09f3b6a9f647.jpg","type":"image\/jpeg"}],"twitter_card":"summary_large_image","twitter_misc":{"Dur\u00e9e de lecture estim\u00e9e":"1 minute"},"schema":{"@context":"https:\/\/schema.org","@graph":[{"@type":"WebPage","@id":"https:\/\/petsroyalpalace.com\/product\/double-pet-bowls-dog-food-water-feeder-stainless-steel-pet-drinking-dish-feeder-cat-puppy-feeding-supplies-small-dog-accessories\/","url":"https:\/\/petsroyalpalace.com\/product\/double-pet-bowls-dog-food-water-feeder-stainless-steel-pet-drinking-dish-feeder-cat-puppy-feeding-supplies-small-dog-accessories\/","name":"Stainless Steel Double Bowl - petsroyalpalace.com","isPartOf":{"@id":"https:\/\/petsroyalpalace.com\/#website"},"primaryImageOfPage":{"@id":"https:\/\/petsroyalpalace.com\/product\/double-pet-bowls-dog-food-water-feeder-stainless-steel-pet-drinking-dish-feeder-cat-puppy-feeding-supplies-small-dog-accessories\/#primaryimage"},"image":{"@id":"https:\/\/petsroyalpalace.com\/product\/double-pet-bowls-dog-food-water-feeder-stainless-steel-pet-drinking-dish-feeder-cat-puppy-feeding-supplies-small-dog-accessories\/#primaryimage"},"thumbnailUrl":"https:\/\/petsroyalpalace.com\/wp-content\/uploads\/2025\/04\/7b28cc37-ad77-4db9-865c-09f3b6a9f647.jpg","datePublished":"2025-04-20T11:13:20+00:00","dateModified":"2025-04-27T09:35:23+00:00","description":"Discover our functional double bowl, specially designed to offer your small dog or cat a practical, hygienic, and stylish feeding solution!","breadcrumb":{"@id":"https:\/\/petsroyalpalace.com\/product\/double-pet-bowls-dog-food-water-feeder-stainless-steel-pet-drinking-dish-feeder-cat-puppy-feeding-supplies-small-dog-accessories\/#breadcrumb"},"inLanguage":"fr-FR","potentialAction":[{"@type":"ReadAction","target":["https:\/\/petsroyalpalace.com\/product\/double-pet-bowls-dog-food-water-feeder-stainless-steel-pet-drinking-dish-feeder-cat-puppy-feeding-supplies-small-dog-accessories\/"]}]},{"@type":"ImageObject","inLanguage":"fr-FR","@id":"https:\/\/petsroyalpalace.com\/product\/double-pet-bowls-dog-food-water-feeder-stainless-steel-pet-drinking-dish-feeder-cat-puppy-feeding-supplies-small-dog-accessories\/#primaryimage","url":"https:\/\/petsroyalpalace.com\/wp-content\/uploads\/2025\/04\/7b28cc37-ad77-4db9-865c-09f3b6a9f647.jpg","contentUrl":"https:\/\/petsroyalpalace.com\/wp-content\/uploads\/2025\/04\/7b28cc37-ad77-4db9-865c-09f3b6a9f647.jpg","width":800,"height":800},{"@type":"BreadcrumbList","@id":"https:\/\/petsroyalpalace.com\/product\/double-pet-bowls-dog-food-water-feeder-stainless-steel-pet-drinking-dish-feeder-cat-puppy-feeding-supplies-small-dog-accessories\/#breadcrumb","itemListElement":[{"@type":"ListItem","position":1,"name":"Accueil","item":"https:\/\/petsroyalpalace.com\/"},{"@type":"ListItem","position":2,"name":"Shop","item":"https:\/\/www.petsroyalpalace.com\/shop\/"},{"@type":"ListItem","position":3,"name":"Stainless Steel Double Bowl"}]},{"@type":"WebSite","@id":"https:\/\/petsroyalpalace.com\/#website","url":"https:\/\/petsroyalpalace.com\/","name":"petsroyalpalace.com","description":"Treasures for your beloved companions, royal love delivered to your home.","publisher":{"@id":"https:\/\/petsroyalpalace.com\/#organization"},"potentialAction":[{"@type":"SearchAction","target":{"@type":"EntryPoint","urlTemplate":"https:\/\/petsroyalpalace.com\/?s={search_term_string}"},"query-input":{"@type":"PropertyValueSpecification","valueRequired":true,"valueName":"search_term_string"}}],"inLanguage":"fr-FR"},{"@type":"Organization","@id":"https:\/\/petsroyalpalace.com\/#organization","name":"Pets Royal Palace","url":"https:\/\/petsroyalpalace.com\/","logo":{"@type":"ImageObject","inLanguage":"fr-FR","@id":"https:\/\/petsroyalpalace.com\/#\/schema\/logo\/image\/","url":"https:\/\/petsroyalpalace.com\/wp-content\/uploads\/2025\/04\/cropped-Logo-Pets-Royal-Palace-.jpg","contentUrl":"https:\/\/petsroyalpalace.com\/wp-content\/uploads\/2025\/04\/cropped-Logo-Pets-Royal-Palace-.jpg","width":150,"height":150,"caption":"Pets Royal Palace"},"image":{"@id":"https:\/\/petsroyalpalace.com\/#\/schema\/logo\/image\/"},"sameAs":["https:\/\/www.facebook.com\/share\/1AXVxC9z5h\/"]}]}},"uagb_featured_image_src":{"full":["https:\/\/petsroyalpalace.com\/wp-content\/uploads\/2025\/04\/7b28cc37-ad77-4db9-865c-09f3b6a9f647.jpg",800,800,false],"thumbnail":["https:\/\/petsroyalpalace.com\/wp-content\/uploads\/2025\/04\/7b28cc37-ad77-4db9-865c-09f3b6a9f647-150x150.jpg",150,150,true],"medium":["https:\/\/petsroyalpalace.com\/wp-content\/uploads\/2025\/04\/7b28cc37-ad77-4db9-865c-09f3b6a9f647-300x300.jpg",300,300,true],"medium_large":["https:\/\/petsroyalpalace.com\/wp-content\/uploads\/2025\/04\/7b28cc37-ad77-4db9-865c-09f3b6a9f647-768x768.jpg",768,768,true],"large":["https:\/\/petsroyalpalace.com\/wp-content\/uploads\/2025\/04\/7b28cc37-ad77-4db9-865c-09f3b6a9f647.jpg",780,780,false],"1536x1536":["https:\/\/petsroyalpalace.com\/wp-content\/uploads\/2025\/04\/7b28cc37-ad77-4db9-865c-09f3b6a9f647.jpg",800,800,false],"2048x2048":["https:\/\/petsroyalpalace.com\/wp-content\/uploads\/2025\/04\/7b28cc37-ad77-4db9-865c-09f3b6a9f647.jpg",800,800,false],"trp-custom-language-flag":["https:\/\/petsroyalpalace.com\/wp-content\/uploads\/2025\/04\/7b28cc37-ad77-4db9-865c-09f3b6a9f647.jpg",12,12,false],"elegant-pink-post-thumb":["https:\/\/petsroyalpalace.com\/wp-content\/uploads\/2025\/04\/7b28cc37-ad77-4db9-865c-09f3b6a9f647-80x66.jpg",80,66,true],"elegant-pink-slider":["https:\/\/petsroyalpalace.com\/wp-content\/uploads\/2025\/04\/7b28cc37-ad77-4db9-865c-09f3b6a9f647-800x696.jpg",800,696,true],"elegant-pink-image":["https:\/\/petsroyalpalace.com\/wp-content\/uploads\/2025\/04\/7b28cc37-ad77-4db9-865c-09f3b6a9f647-780x500.jpg",780,500,true],"elegant-pink-image-full":["https:\/\/petsroyalpalace.com\/wp-content\/uploads\/2025\/04\/7b28cc37-ad77-4db9-865c-09f3b6a9f647-800x500.jpg",800,500,true],"elegant-pink-featured-image":["https:\/\/petsroyalpalace.com\/wp-content\/uploads\/2025\/04\/7b28cc37-ad77-4db9-865c-09f3b6a9f647-280x250.jpg",280,250,true],"elegant-pink-3col-image":["https:\/\/petsroyalpalace.com\/wp-content\/uploads\/2025\/04\/7b28cc37-ad77-4db9-865c-09f3b6a9f647-380x228.jpg",380,228,true],"woocommerce_thumbnail":["https:\/\/petsroyalpalace.com\/wp-content\/uploads\/2025\/04\/7b28cc37-ad77-4db9-865c-09f3b6a9f647-150x150.jpg",150,150,true],"woocommerce_single":["https:\/\/petsroyalpalace.com\/wp-content\/uploads\/2025\/04\/7b28cc37-ad77-4db9-865c-09f3b6a9f647-300x300.jpg",300,300,true],"woocommerce_gallery_thumbnail":["https:\/\/petsroyalpalace.com\/wp-content\/uploads\/2025\/04\/7b28cc37-ad77-4db9-865c-09f3b6a9f647-100x100.jpg",100,100,true]},"uagb_author_info":{"display_name":"Animaux de compagnie du Palais Royal","author_link":"https:\/\/petsroyalpalace.com\/fr\/author\/"},"uagb_comment_info":0,"uagb_excerpt":"D\u00e9couvrez notre double gamelle fonctionnelle, sp\u00e9cialement con\u00e7ue pour offrir \u00e0 votre petit chien ou chat une solution d'alimentation pratique, hygi\u00e9nique et \u00e9l\u00e9gante ! Avec ses deux compartiments s\u00e9par\u00e9s, cet ensemble vous permet de servir de la nourriture et de l'eau simultan\u00e9ment pour le plus grand confort de votre animal.","_links":{"self":[{"href":"https:\/\/petsroyalpalace.com\/fr\/wp-json\/wp\/v2\/product\/6735","targetHints":{"allow":["GET"]}}],"collection":[{"href":"https:\/\/petsroyalpalace.com\/fr\/wp-json\/wp\/v2\/product"}],"about":[{"href":"https:\/\/petsroyalpalace.com\/fr\/wp-json\/wp\/v2\/types\/product"}],"replies":[{"embeddable":true,"href":"https:\/\/petsroyalpalace.com\/fr\/wp-json\/wp\/v2\/comments?post=6735"}],"wp:featuredmedia":[{"embeddable":true,"href":"https:\/\/petsroyalpalace.com\/fr\/wp-json\/wp\/v2\/media\/6725"}],"wp:attachment":[{"href":"https:\/\/petsroyalpalace.com\/fr\/wp-json\/wp\/v2\/media?parent=6735"}],"wp:term":[{"taxonomy":"product_brand","embeddable":true,"href":"https:\/\/petsroyalpalace.com\/fr\/wp-json\/wp\/v2\/product_brand?post=6735"},{"taxonomy":"product_cat","embeddable":true,"href":"https:\/\/petsroyalpalace.com\/fr\/wp-json\/wp\/v2\/product_cat?post=6735"},{"taxonomy":"product_tag","embeddable":true,"href":"https:\/\/petsroyalpalace.com\/fr\/wp-json\/wp\/v2\/product_tag?post=6735"}],"curies":[{"name":"wp","href":"https:\/\/api.w.org\/{rel}","templated":true}]}}