{"id":7599,"date":"2025-04-23T10:01:50","date_gmt":"2025-04-23T10:01:50","guid":{"rendered":"https:\/\/petsroyalpalace.com\/product\/pet-clothes-christmas-dog-funny\/"},"modified":"2025-04-27T10:30:08","modified_gmt":"2025-04-27T10:30:08","slug":"pet-clothes-christmas-dog-funny","status":"publish","type":"product","link":"https:\/\/petsroyalpalace.com\/fr\/produit\/pet-clothes-christmas-dog-funny\/","title":{"rendered":"Pet Clothes Christmas Dog Funny"},"content":{"rendered":"<p>Christmas Dog Clothes \u2013 Festive and Fun Style<\/p>\n<p>Dress your four-legged friend in this Christmas outfit that&#8217;s as stylish as it is fun!<\/p>\n<p>Premium Features:<br \/>\nFestive Style: European\/American design for a unique festive look<br \/>\nQuality Material: 100% polyester, soft and comfortable<br \/>\nVarious Sizes: S, M, L, XL \u2013 Suitable for all sizes<br \/>\nSlim Fit: Comfortable without restricting movement<\/p>\n<p>Size Information:<\/p>\n<p>Exclusive Benefits:<br \/>\nLightweight and breathable for your pet&#8217;s well-being<br \/>\nEasy to put on and care for (machine washable)<br \/>\nSuitable for all dogs, regardless of gender<br \/>\nCompact and convenient packaging<\/p>\n<p>Package Includes:<br \/>\n1 \u00d7 Christmas Dog Clothes<\/p>\n<p>Ideal for:<br \/>\n\u2022 Creating memorable holiday memories<br \/>\n\u2022 Fun family photoshoots<br \/>\n\u2022 A perfect gift for pet lovers<\/p>\n<p>Give your dog a festive look \u2013 Available in 4 sizes!<\/p>\n<p>&nbsp;<\/p>\n<p><img decoding=\"async\" src=\"https:\/\/cf.cjdropshipping.com\/d911b327-b292-4c37-9aa6-eed5146c38a2.jpg\" \/> <img decoding=\"async\" src=\"https:\/\/cf.cjdropshipping.com\/98aeae77-17c4-4ff8-849e-0f70e2b213ef.jpg\" \/> <img decoding=\"async\" src=\"https:\/\/cf.cjdropshipping.com\/05deb6e4-6fd3-4902-9857-f211d4316dd3.jpg\" \/> <img decoding=\"async\" src=\"https:\/\/cf.cjdropshipping.com\/f5a59726-c216-4a74-9fd6-5359d9da2168.jpg\" \/> <img decoding=\"async\" src=\"https:\/\/cf.cjdropshipping.com\/b5932d26-422f-454b-889c-8e2bb28bd33c.jpg\" \/> <img decoding=\"async\" src=\"https:\/\/cf.cjdropshipping.com\/78778b31-0e86-4c50-b487-ef45ba952b8b.jpg\" \/><\/p>","protected":false},"excerpt":{"rendered":"<p><span style=\"vertical-align: inherit;\"><span style=\"vertical-align: inherit;\">V\u00eatements de No\u00ebl pour chien \u2013 Style festif et amusant, en polyester doux. Tailles S \u00e0 XL, design europ\u00e9en. Parfait pour les f\u00eates et les photos de famille\u00a0!<\/span><\/span><\/p>","protected":false},"featured_media":7593,"comment_status":"open","ping_status":"closed","template":"","meta":{"_uag_custom_page_level_css":""},"product_brand":[],"product_cat":[123],"product_tag":[184],"class_list":{"0":"post-7599","1":"product","2":"type-product","3":"status-publish","4":"has-post-thumbnail","6":"product_cat-fashion-for-your-dog","7":"product_tag-pet-clothes-christma","8":"latest_post","10":"first","11":"instock","12":"taxable","13":"shipping-taxable","14":"purchasable","15":"product-type-variable"},"yoast_head":"<!-- This site is optimized with the Yoast SEO plugin v27.4 - https:\/\/yoast.com\/product\/yoast-seo-wordpress\/ -->\n<title>Pet Clothes Christmas Dog Funny - petsroyalpalace.com<\/title>\n<meta name=\"description\" content=\"Christmas Dog Clothes - Festive and fun style made of soft polyester. Sizes S to XL, European design. Perfect for parties and family photos!\" \/>\n<meta name=\"robots\" content=\"index, follow, max-snippet:-1, max-image-preview:large, max-video-preview:-1\" \/>\n<link rel=\"canonical\" href=\"https:\/\/petsroyalpalace.com\/fr\/produit\/pet-clothes-christmas-dog-funny\/\" \/>\n<meta property=\"og:locale\" content=\"fr_FR\" \/>\n<meta property=\"og:type\" content=\"article\" \/>\n<meta property=\"og:title\" content=\"Pet Clothes Christmas Dog Funny - petsroyalpalace.com\" \/>\n<meta property=\"og:description\" content=\"Christmas Dog Clothes - Festive and fun style made of soft polyester. Sizes S to XL, European design. Perfect for parties and family photos!\" \/>\n<meta property=\"og:url\" content=\"https:\/\/petsroyalpalace.com\/fr\/produit\/pet-clothes-christmas-dog-funny\/\" \/>\n<meta property=\"og:site_name\" content=\"petsroyalpalace.com\" \/>\n<meta property=\"article:publisher\" content=\"https:\/\/www.facebook.com\/share\/1AXVxC9z5h\/\" \/>\n<meta property=\"article:modified_time\" content=\"2025-04-27T10:30:08+00:00\" \/>\n<meta property=\"og:image\" content=\"https:\/\/petsroyalpalace.com\/wp-content\/uploads\/2025\/04\/26c250be-577f-4ea8-8deb-239a0470f624.jpg\" \/>\n\t<meta property=\"og:image:width\" content=\"800\" \/>\n\t<meta property=\"og:image:height\" content=\"800\" \/>\n\t<meta property=\"og:image:type\" content=\"image\/jpeg\" \/>\n<meta name=\"twitter:card\" content=\"summary_large_image\" \/>\n<meta name=\"twitter:label1\" content=\"Dur\u00e9e de lecture estim\u00e9e\" \/>\n\t<meta name=\"twitter:data1\" content=\"2 minutes\" \/>\n<script type=\"application\/ld+json\" class=\"yoast-schema-graph\">{\"@context\":\"https:\\\/\\\/schema.org\",\"@graph\":[{\"@type\":\"WebPage\",\"@id\":\"https:\\\/\\\/petsroyalpalace.com\\\/product\\\/pet-clothes-christmas-dog-funny\\\/\",\"url\":\"https:\\\/\\\/petsroyalpalace.com\\\/product\\\/pet-clothes-christmas-dog-funny\\\/\",\"name\":\"Pet Clothes Christmas Dog Funny - petsroyalpalace.com\",\"isPartOf\":{\"@id\":\"https:\\\/\\\/petsroyalpalace.com\\\/#website\"},\"primaryImageOfPage\":{\"@id\":\"https:\\\/\\\/petsroyalpalace.com\\\/product\\\/pet-clothes-christmas-dog-funny\\\/#primaryimage\"},\"image\":{\"@id\":\"https:\\\/\\\/petsroyalpalace.com\\\/product\\\/pet-clothes-christmas-dog-funny\\\/#primaryimage\"},\"thumbnailUrl\":\"https:\\\/\\\/petsroyalpalace.com\\\/wp-content\\\/uploads\\\/2025\\\/04\\\/26c250be-577f-4ea8-8deb-239a0470f624.jpg\",\"datePublished\":\"2025-04-23T10:01:50+00:00\",\"dateModified\":\"2025-04-27T10:30:08+00:00\",\"description\":\"Christmas Dog Clothes - Festive and fun style made of soft polyester. Sizes S to XL, European design. Perfect for parties and family photos!\",\"breadcrumb\":{\"@id\":\"https:\\\/\\\/petsroyalpalace.com\\\/product\\\/pet-clothes-christmas-dog-funny\\\/#breadcrumb\"},\"inLanguage\":\"fr-FR\",\"potentialAction\":[{\"@type\":\"ReadAction\",\"target\":[\"https:\\\/\\\/petsroyalpalace.com\\\/product\\\/pet-clothes-christmas-dog-funny\\\/\"]}]},{\"@type\":\"ImageObject\",\"inLanguage\":\"fr-FR\",\"@id\":\"https:\\\/\\\/petsroyalpalace.com\\\/product\\\/pet-clothes-christmas-dog-funny\\\/#primaryimage\",\"url\":\"https:\\\/\\\/petsroyalpalace.com\\\/wp-content\\\/uploads\\\/2025\\\/04\\\/26c250be-577f-4ea8-8deb-239a0470f624.jpg\",\"contentUrl\":\"https:\\\/\\\/petsroyalpalace.com\\\/wp-content\\\/uploads\\\/2025\\\/04\\\/26c250be-577f-4ea8-8deb-239a0470f624.jpg\",\"width\":800,\"height\":800},{\"@type\":\"BreadcrumbList\",\"@id\":\"https:\\\/\\\/petsroyalpalace.com\\\/product\\\/pet-clothes-christmas-dog-funny\\\/#breadcrumb\",\"itemListElement\":[{\"@type\":\"ListItem\",\"position\":1,\"name\":\"Accueil\",\"item\":\"https:\\\/\\\/petsroyalpalace.com\\\/\"},{\"@type\":\"ListItem\",\"position\":2,\"name\":\"Shop\",\"item\":\"https:\\\/\\\/www.petsroyalpalace.com\\\/shop\\\/\"},{\"@type\":\"ListItem\",\"position\":3,\"name\":\"Pet Clothes Christmas Dog Funny\"}]},{\"@type\":\"WebSite\",\"@id\":\"https:\\\/\\\/petsroyalpalace.com\\\/#website\",\"url\":\"https:\\\/\\\/petsroyalpalace.com\\\/\",\"name\":\"petsroyalpalace.com\",\"description\":\"Treasures for your beloved companions, royal love delivered to your home.\",\"publisher\":{\"@id\":\"https:\\\/\\\/petsroyalpalace.com\\\/#organization\"},\"potentialAction\":[{\"@type\":\"SearchAction\",\"target\":{\"@type\":\"EntryPoint\",\"urlTemplate\":\"https:\\\/\\\/petsroyalpalace.com\\\/?s={search_term_string}\"},\"query-input\":{\"@type\":\"PropertyValueSpecification\",\"valueRequired\":true,\"valueName\":\"search_term_string\"}}],\"inLanguage\":\"fr-FR\"},{\"@type\":\"Organization\",\"@id\":\"https:\\\/\\\/petsroyalpalace.com\\\/#organization\",\"name\":\"Pets Royal Palace\",\"url\":\"https:\\\/\\\/petsroyalpalace.com\\\/\",\"logo\":{\"@type\":\"ImageObject\",\"inLanguage\":\"fr-FR\",\"@id\":\"https:\\\/\\\/petsroyalpalace.com\\\/#\\\/schema\\\/logo\\\/image\\\/\",\"url\":\"https:\\\/\\\/petsroyalpalace.com\\\/wp-content\\\/uploads\\\/2025\\\/04\\\/cropped-Logo-Pets-Royal-Palace-.jpg\",\"contentUrl\":\"https:\\\/\\\/petsroyalpalace.com\\\/wp-content\\\/uploads\\\/2025\\\/04\\\/cropped-Logo-Pets-Royal-Palace-.jpg\",\"width\":150,\"height\":150,\"caption\":\"Pets Royal Palace\"},\"image\":{\"@id\":\"https:\\\/\\\/petsroyalpalace.com\\\/#\\\/schema\\\/logo\\\/image\\\/\"},\"sameAs\":[\"https:\\\/\\\/www.facebook.com\\\/share\\\/1AXVxC9z5h\\\/\"]}]}<\/script>\n<!-- \/ Yoast SEO plugin. -->","yoast_head_json":{"title":"Pet Clothes Christmas Dog Funny - petsroyalpalace.com","description":"Christmas Dog Clothes - Festive and fun style made of soft polyester. Sizes S to XL, European design. Perfect for parties and family photos!","robots":{"index":"index","follow":"follow","max-snippet":"max-snippet:-1","max-image-preview":"max-image-preview:large","max-video-preview":"max-video-preview:-1"},"canonical":"https:\/\/petsroyalpalace.com\/fr\/produit\/pet-clothes-christmas-dog-funny\/","og_locale":"fr_FR","og_type":"article","og_title":"Pet Clothes Christmas Dog Funny - petsroyalpalace.com","og_description":"Christmas Dog Clothes - Festive and fun style made of soft polyester. Sizes S to XL, European design. Perfect for parties and family photos!","og_url":"https:\/\/petsroyalpalace.com\/fr\/produit\/pet-clothes-christmas-dog-funny\/","og_site_name":"petsroyalpalace.com","article_publisher":"https:\/\/www.facebook.com\/share\/1AXVxC9z5h\/","article_modified_time":"2025-04-27T10:30:08+00:00","og_image":[{"width":800,"height":800,"url":"https:\/\/petsroyalpalace.com\/wp-content\/uploads\/2025\/04\/26c250be-577f-4ea8-8deb-239a0470f624.jpg","type":"image\/jpeg"}],"twitter_card":"summary_large_image","twitter_misc":{"Dur\u00e9e de lecture estim\u00e9e":"2 minutes"},"schema":{"@context":"https:\/\/schema.org","@graph":[{"@type":"WebPage","@id":"https:\/\/petsroyalpalace.com\/product\/pet-clothes-christmas-dog-funny\/","url":"https:\/\/petsroyalpalace.com\/product\/pet-clothes-christmas-dog-funny\/","name":"Pet Clothes Christmas Dog Funny - petsroyalpalace.com","isPartOf":{"@id":"https:\/\/petsroyalpalace.com\/#website"},"primaryImageOfPage":{"@id":"https:\/\/petsroyalpalace.com\/product\/pet-clothes-christmas-dog-funny\/#primaryimage"},"image":{"@id":"https:\/\/petsroyalpalace.com\/product\/pet-clothes-christmas-dog-funny\/#primaryimage"},"thumbnailUrl":"https:\/\/petsroyalpalace.com\/wp-content\/uploads\/2025\/04\/26c250be-577f-4ea8-8deb-239a0470f624.jpg","datePublished":"2025-04-23T10:01:50+00:00","dateModified":"2025-04-27T10:30:08+00:00","description":"Christmas Dog Clothes - Festive and fun style made of soft polyester. Sizes S to XL, European design. Perfect for parties and family photos!","breadcrumb":{"@id":"https:\/\/petsroyalpalace.com\/product\/pet-clothes-christmas-dog-funny\/#breadcrumb"},"inLanguage":"fr-FR","potentialAction":[{"@type":"ReadAction","target":["https:\/\/petsroyalpalace.com\/product\/pet-clothes-christmas-dog-funny\/"]}]},{"@type":"ImageObject","inLanguage":"fr-FR","@id":"https:\/\/petsroyalpalace.com\/product\/pet-clothes-christmas-dog-funny\/#primaryimage","url":"https:\/\/petsroyalpalace.com\/wp-content\/uploads\/2025\/04\/26c250be-577f-4ea8-8deb-239a0470f624.jpg","contentUrl":"https:\/\/petsroyalpalace.com\/wp-content\/uploads\/2025\/04\/26c250be-577f-4ea8-8deb-239a0470f624.jpg","width":800,"height":800},{"@type":"BreadcrumbList","@id":"https:\/\/petsroyalpalace.com\/product\/pet-clothes-christmas-dog-funny\/#breadcrumb","itemListElement":[{"@type":"ListItem","position":1,"name":"Accueil","item":"https:\/\/petsroyalpalace.com\/"},{"@type":"ListItem","position":2,"name":"Shop","item":"https:\/\/www.petsroyalpalace.com\/shop\/"},{"@type":"ListItem","position":3,"name":"Pet Clothes Christmas Dog Funny"}]},{"@type":"WebSite","@id":"https:\/\/petsroyalpalace.com\/#website","url":"https:\/\/petsroyalpalace.com\/","name":"petsroyalpalace.com","description":"Treasures for your beloved companions, royal love delivered to your home.","publisher":{"@id":"https:\/\/petsroyalpalace.com\/#organization"},"potentialAction":[{"@type":"SearchAction","target":{"@type":"EntryPoint","urlTemplate":"https:\/\/petsroyalpalace.com\/?s={search_term_string}"},"query-input":{"@type":"PropertyValueSpecification","valueRequired":true,"valueName":"search_term_string"}}],"inLanguage":"fr-FR"},{"@type":"Organization","@id":"https:\/\/petsroyalpalace.com\/#organization","name":"Pets Royal Palace","url":"https:\/\/petsroyalpalace.com\/","logo":{"@type":"ImageObject","inLanguage":"fr-FR","@id":"https:\/\/petsroyalpalace.com\/#\/schema\/logo\/image\/","url":"https:\/\/petsroyalpalace.com\/wp-content\/uploads\/2025\/04\/cropped-Logo-Pets-Royal-Palace-.jpg","contentUrl":"https:\/\/petsroyalpalace.com\/wp-content\/uploads\/2025\/04\/cropped-Logo-Pets-Royal-Palace-.jpg","width":150,"height":150,"caption":"Pets Royal Palace"},"image":{"@id":"https:\/\/petsroyalpalace.com\/#\/schema\/logo\/image\/"},"sameAs":["https:\/\/www.facebook.com\/share\/1AXVxC9z5h\/"]}]}},"uagb_featured_image_src":{"full":["https:\/\/petsroyalpalace.com\/wp-content\/uploads\/2025\/04\/26c250be-577f-4ea8-8deb-239a0470f624.jpg",800,800,false],"thumbnail":["https:\/\/petsroyalpalace.com\/wp-content\/uploads\/2025\/04\/26c250be-577f-4ea8-8deb-239a0470f624-150x150.jpg",150,150,true],"medium":["https:\/\/petsroyalpalace.com\/wp-content\/uploads\/2025\/04\/26c250be-577f-4ea8-8deb-239a0470f624-300x300.jpg",300,300,true],"medium_large":["https:\/\/petsroyalpalace.com\/wp-content\/uploads\/2025\/04\/26c250be-577f-4ea8-8deb-239a0470f624-768x768.jpg",768,768,true],"large":["https:\/\/petsroyalpalace.com\/wp-content\/uploads\/2025\/04\/26c250be-577f-4ea8-8deb-239a0470f624.jpg",780,780,false],"1536x1536":["https:\/\/petsroyalpalace.com\/wp-content\/uploads\/2025\/04\/26c250be-577f-4ea8-8deb-239a0470f624.jpg",800,800,false],"2048x2048":["https:\/\/petsroyalpalace.com\/wp-content\/uploads\/2025\/04\/26c250be-577f-4ea8-8deb-239a0470f624.jpg",800,800,false],"trp-custom-language-flag":["https:\/\/petsroyalpalace.com\/wp-content\/uploads\/2025\/04\/26c250be-577f-4ea8-8deb-239a0470f624.jpg",12,12,false],"elegant-pink-post-thumb":["https:\/\/petsroyalpalace.com\/wp-content\/uploads\/2025\/04\/26c250be-577f-4ea8-8deb-239a0470f624-80x66.jpg",80,66,true],"elegant-pink-slider":["https:\/\/petsroyalpalace.com\/wp-content\/uploads\/2025\/04\/26c250be-577f-4ea8-8deb-239a0470f624-800x696.jpg",800,696,true],"elegant-pink-image":["https:\/\/petsroyalpalace.com\/wp-content\/uploads\/2025\/04\/26c250be-577f-4ea8-8deb-239a0470f624-780x500.jpg",780,500,true],"elegant-pink-image-full":["https:\/\/petsroyalpalace.com\/wp-content\/uploads\/2025\/04\/26c250be-577f-4ea8-8deb-239a0470f624-800x500.jpg",800,500,true],"elegant-pink-featured-image":["https:\/\/petsroyalpalace.com\/wp-content\/uploads\/2025\/04\/26c250be-577f-4ea8-8deb-239a0470f624-280x250.jpg",280,250,true],"elegant-pink-3col-image":["https:\/\/petsroyalpalace.com\/wp-content\/uploads\/2025\/04\/26c250be-577f-4ea8-8deb-239a0470f624-380x228.jpg",380,228,true],"woocommerce_thumbnail":["https:\/\/petsroyalpalace.com\/wp-content\/uploads\/2025\/04\/26c250be-577f-4ea8-8deb-239a0470f624-150x150.jpg",150,150,true],"woocommerce_single":["https:\/\/petsroyalpalace.com\/wp-content\/uploads\/2025\/04\/26c250be-577f-4ea8-8deb-239a0470f624-300x300.jpg",300,300,true],"woocommerce_gallery_thumbnail":["https:\/\/petsroyalpalace.com\/wp-content\/uploads\/2025\/04\/26c250be-577f-4ea8-8deb-239a0470f624-100x100.jpg",100,100,true]},"uagb_author_info":{"display_name":"Animaux de compagnie du Palais Royal","author_link":"https:\/\/petsroyalpalace.com\/fr\/author\/"},"uagb_comment_info":0,"uagb_excerpt":"V\u00eatements de No\u00ebl pour chien \u2013 Style festif et amusant, en polyester doux. Tailles S \u00e0 XL, design europ\u00e9en. Parfait pour les f\u00eates et les photos de famille\u00a0!","_links":{"self":[{"href":"https:\/\/petsroyalpalace.com\/fr\/wp-json\/wp\/v2\/product\/7599","targetHints":{"allow":["GET"]}}],"collection":[{"href":"https:\/\/petsroyalpalace.com\/fr\/wp-json\/wp\/v2\/product"}],"about":[{"href":"https:\/\/petsroyalpalace.com\/fr\/wp-json\/wp\/v2\/types\/product"}],"replies":[{"embeddable":true,"href":"https:\/\/petsroyalpalace.com\/fr\/wp-json\/wp\/v2\/comments?post=7599"}],"wp:featuredmedia":[{"embeddable":true,"href":"https:\/\/petsroyalpalace.com\/fr\/wp-json\/wp\/v2\/media\/7593"}],"wp:attachment":[{"href":"https:\/\/petsroyalpalace.com\/fr\/wp-json\/wp\/v2\/media?parent=7599"}],"wp:term":[{"taxonomy":"product_brand","embeddable":true,"href":"https:\/\/petsroyalpalace.com\/fr\/wp-json\/wp\/v2\/product_brand?post=7599"},{"taxonomy":"product_cat","embeddable":true,"href":"https:\/\/petsroyalpalace.com\/fr\/wp-json\/wp\/v2\/product_cat?post=7599"},{"taxonomy":"product_tag","embeddable":true,"href":"https:\/\/petsroyalpalace.com\/fr\/wp-json\/wp\/v2\/product_tag?post=7599"}],"curies":[{"name":"wp","href":"https:\/\/api.w.org\/{rel}","templated":true}]}}