{"id":8394,"date":"2025-04-26T17:33:17","date_gmt":"2025-04-26T17:33:17","guid":{"rendered":"https:\/\/petsroyalpalace.com\/product\/fun-cat-toy-set-pet-tunnel-and-accessories\/"},"modified":"2025-04-26T17:36:13","modified_gmt":"2025-04-26T17:36:13","slug":"fun-cat-toy-set-pet-tunnel-and-accessories","status":"publish","type":"product","link":"https:\/\/petsroyalpalace.com\/fr\/produit\/fun-cat-toy-set-pet-tunnel-and-accessories\/","title":{"rendered":"Fun Cat Toy Set &#8211; Pet Tunnel and Accessories"},"content":{"rendered":"<p><span style=\"vertical-align: inherit;\"><span style=\"vertical-align: inherit;\">Ensemble de jouets amusants pour chat &#8211; Tunnel et accessoires pour animaux de compagnie<\/span><\/span><\/p>\n<p><span style=\"vertical-align: inherit;\"><span style=\"vertical-align: inherit;\">Informations sur le produit :<\/span><\/span><\/p>\n<p><span style=\"vertical-align: inherit;\"><span style=\"vertical-align: inherit;\">Type de produit : Jouets pour animaux de compagnie<\/span><\/span><\/p>\n<p><span style=\"vertical-align: inherit;\"><span style=\"vertical-align: inherit;\">Mat\u00e9riaux : Polyester, Tissu, M\u00e9tal<\/span><\/span><\/p>\n<p><span style=\"vertical-align: inherit;\"><span style=\"vertical-align: inherit;\">Ensemble complet de 22 pi\u00e8ces<\/span><\/span><\/p>\n<p><span style=\"vertical-align: inherit;\"><span style=\"vertical-align: inherit;\">Dimensions du colis (approximatives) :<\/span><\/span><\/p>\n<p><span style=\"vertical-align: inherit;\"><span style=\"vertical-align: inherit;\">13,8 x 12,6 x 2,4 pouces<\/span><\/span><\/p>\n<p><span style=\"vertical-align: inherit;\"><span style=\"vertical-align: inherit;\">13,0 x 12,2 x 2,8 pouces<\/span><\/span><\/p>\n<p><span style=\"vertical-align: inherit;\"><span style=\"vertical-align: inherit;\">13,8 x 13,8 x 3,1 pouces<\/span><\/span><\/p>\n<p><span style=\"vertical-align: inherit;\"><span style=\"vertical-align: inherit;\">13,0 x 11,8 x 2,0 pouces<\/span><\/span><\/p>\n<p><span style=\"vertical-align: inherit;\"><span style=\"vertical-align: inherit;\">Caract\u00e9ristiques et points forts :<\/span><\/span><\/p>\n<p><span style=\"vertical-align: inherit;\"><span style=\"vertical-align: inherit;\">Ensemble complet : comprend un tunnel pour chat et 21 autres jouets assortis pour divertir votre animal de compagnie au quotidien.<\/span><\/span><\/p>\n<p><span style=\"vertical-align: inherit;\"><span style=\"vertical-align: inherit;\">Mat\u00e9riaux de qualit\u00e9 : Fabriqu\u00e9 en tissu polyester durable et en m\u00e9tal durable pour plus de s\u00e9curit\u00e9 et de long\u00e9vit\u00e9.<\/span><\/span><\/p>\n<p><span style=\"vertical-align: inherit;\"><span style=\"vertical-align: inherit;\">D\u00e9veloppement physique et mental : Stimule les instincts naturels de chasse, d\u2019exploration et d\u2019activit\u00e9 physique chez les chats de tous \u00e2ges.<\/span><\/span><\/p>\n<p><span style=\"vertical-align: inherit;\"><span style=\"vertical-align: inherit;\">Vari\u00e9t\u00e9 de jeux : Parfait pour \u00e9viter l&#8217;ennui avec diff\u00e9rents types d&#8217;activit\u00e9s : chasse, poursuite, cachette, saut.<\/span><\/span><\/p>\n<p><span style=\"vertical-align: inherit;\"><span style=\"vertical-align: inherit;\">Pr\u00eat \u00e0 l&#8217;emploi\u00a0: aucun assemblage requis. Facile \u00e0 installer pour des heures de jeu.<\/span><\/span><\/p>\n<p><span style=\"vertical-align: inherit;\"><span style=\"vertical-align: inherit;\">Utilisations id\u00e9ales :<\/span><\/span><\/p>\n<p><span style=\"vertical-align: inherit;\"><span style=\"vertical-align: inherit;\">Id\u00e9al pour :<\/span><\/span><\/p>\n<p><span style=\"vertical-align: inherit;\"><span style=\"vertical-align: inherit;\">Gardez votre chat actif, en bonne sant\u00e9 et heureux.<\/span><\/span><\/p>\n<p><span style=\"vertical-align: inherit;\"><span style=\"vertical-align: inherit;\">Encourager l\u2019interaction entre les chats vivant ensemble.<\/span><\/span><\/p>\n<p><span style=\"vertical-align: inherit;\"><span style=\"vertical-align: inherit;\">Offrir un terrain de jeu vari\u00e9 pour les chatons \u00e9nergiques.<\/span><\/span><\/p>\n<p><span style=\"vertical-align: inherit;\"><span style=\"vertical-align: inherit;\">Contenu du pack :<\/span><\/span><\/p>\n<p><span style=\"vertical-align: inherit;\"><span style=\"vertical-align: inherit;\">1 ensemble de jouets pour chat de 22 pi\u00e8ces (accessoires de couleur al\u00e9atoire)<\/span><\/span><\/p>\n<p><span style=\"vertical-align: inherit;\"><span style=\"vertical-align: inherit;\">Livraison gratuite<\/span><\/span><\/p>\n<p><span style=\"vertical-align: inherit;\"><span style=\"vertical-align: inherit;\">B\u00e9n\u00e9ficiez de la livraison gratuite sur toutes vos commandes, livr\u00e9es directement \u00e0 votre domicile.<\/span><\/span><\/p>\n<p><img decoding=\"async\" src=\"https:\/\/cf.cjdropshipping.com\/5f9553fa-5215-41f2-bf8c-2d675edc1806.jpg\" \/><\/p>\n<p><img decoding=\"async\" src=\"https:\/\/cf.cjdropshipping.com\/dd0d9acf-d462-4e38-8397-da097e503526.jpg\" \/><\/p>\n<p><img decoding=\"async\" src=\"https:\/\/cf.cjdropshipping.com\/08d6641a-c09b-4cc6-a375-bf1eda796f38.jpg\" \/><\/p>\n<p><img decoding=\"async\" src=\"https:\/\/cf.cjdropshipping.com\/6bace06c-8b61-4fe7-aaef-06b3e5d3ec3d.jpg\" \/><\/p>\n<p><img decoding=\"async\" src=\"https:\/\/cf.cjdropshipping.com\/quick\/product\/11ab84e6-59cb-4894-a199-5f8fbf87f4d5.jpg\" \/><\/p>\n<p><img decoding=\"async\" src=\"https:\/\/cf.cjdropshipping.com\/quick\/product\/90235db5-b3fc-4be6-bb81-049a1068a456.jpg\" \/><\/p>\n<p><img decoding=\"async\" src=\"https:\/\/cf.cjdropshipping.com\/quick\/product\/2d7752ea-2b5a-456e-bde6-28cab558985d.jpg\" \/><\/p>\n<p><img decoding=\"async\" src=\"https:\/\/cf.cjdropshipping.com\/5097c33a-6638-4675-a7cc-9fffc10f5652.jpg\" \/><\/p>\n<p><img decoding=\"async\" src=\"https:\/\/cf.cjdropshipping.com\/2c37f0a5-b05a-435f-be9f-ee78fdd7d3e3.jpg\" \/><\/p>\n<p>&nbsp;<\/p>","protected":false},"excerpt":{"rendered":"<p>Cat toy set with tunnel and assorted accessories. 22 pieces to stimulate your cat&#8217;s play and exploration. Durable polyester. Free shipping.<\/p>","protected":false},"featured_media":8384,"comment_status":"open","ping_status":"closed","template":"","meta":{"_uag_custom_page_level_css":""},"product_brand":[],"product_cat":[74],"product_tag":[],"class_list":{"0":"post-8394","1":"product","2":"type-product","3":"status-publish","4":"has-post-thumbnail","6":"product_cat-toys-and-entertainment","7":"latest_post","9":"first","10":"instock","11":"taxable","12":"shipping-taxable","13":"purchasable","14":"product-type-variable"},"yoast_head":"<!-- This site is optimized with the Yoast SEO plugin v27.4 - https:\/\/yoast.com\/product\/yoast-seo-wordpress\/ -->\n<title>Fun Cat Toy Set - Pet Tunnel and Accessories - petsroyalpalace.com<\/title>\n<meta name=\"description\" content=\"Cat toy set with tunnel and assorted accessories. 22 pieces to stimulate your cat&#039;s play and exploration. Durable polyester. Free shipping.\" \/>\n<meta name=\"robots\" content=\"index, follow, max-snippet:-1, max-image-preview:large, max-video-preview:-1\" \/>\n<link rel=\"canonical\" href=\"https:\/\/petsroyalpalace.com\/fr\/produit\/fun-cat-toy-set-pet-tunnel-and-accessories\/\" \/>\n<meta property=\"og:locale\" content=\"fr_FR\" \/>\n<meta property=\"og:type\" content=\"article\" \/>\n<meta property=\"og:title\" content=\"Fun Cat Toy Set - Pet Tunnel and Accessories - petsroyalpalace.com\" \/>\n<meta property=\"og:description\" content=\"Cat toy set with tunnel and assorted accessories. 22 pieces to stimulate your cat&#039;s play and exploration. Durable polyester. Free shipping.\" \/>\n<meta property=\"og:url\" content=\"https:\/\/petsroyalpalace.com\/fr\/produit\/fun-cat-toy-set-pet-tunnel-and-accessories\/\" \/>\n<meta property=\"og:site_name\" content=\"petsroyalpalace.com\" \/>\n<meta property=\"article:publisher\" content=\"https:\/\/www.facebook.com\/share\/1AXVxC9z5h\/\" \/>\n<meta property=\"article:modified_time\" content=\"2025-04-26T17:36:13+00:00\" \/>\n<meta property=\"og:image\" content=\"https:\/\/petsroyalpalace.com\/wp-content\/uploads\/2025\/04\/4a95dd96-8880-4ac7-9440-ff7f7222f0db.jpg\" \/>\n\t<meta property=\"og:image:width\" content=\"1000\" \/>\n\t<meta property=\"og:image:height\" content=\"1000\" \/>\n\t<meta property=\"og:image:type\" content=\"image\/jpeg\" \/>\n<meta name=\"twitter:card\" content=\"summary_large_image\" \/>\n<meta name=\"twitter:label1\" content=\"Dur\u00e9e de lecture estim\u00e9e\" \/>\n\t<meta name=\"twitter:data1\" content=\"3 minutes\" \/>\n<script type=\"application\/ld+json\" class=\"yoast-schema-graph\">{\"@context\":\"https:\\\/\\\/schema.org\",\"@graph\":[{\"@type\":\"WebPage\",\"@id\":\"https:\\\/\\\/petsroyalpalace.com\\\/product\\\/fun-cat-toy-set-pet-tunnel-and-accessories\\\/\",\"url\":\"https:\\\/\\\/petsroyalpalace.com\\\/product\\\/fun-cat-toy-set-pet-tunnel-and-accessories\\\/\",\"name\":\"Fun Cat Toy Set - Pet Tunnel and Accessories - petsroyalpalace.com\",\"isPartOf\":{\"@id\":\"https:\\\/\\\/petsroyalpalace.com\\\/#website\"},\"primaryImageOfPage\":{\"@id\":\"https:\\\/\\\/petsroyalpalace.com\\\/product\\\/fun-cat-toy-set-pet-tunnel-and-accessories\\\/#primaryimage\"},\"image\":{\"@id\":\"https:\\\/\\\/petsroyalpalace.com\\\/product\\\/fun-cat-toy-set-pet-tunnel-and-accessories\\\/#primaryimage\"},\"thumbnailUrl\":\"https:\\\/\\\/petsroyalpalace.com\\\/wp-content\\\/uploads\\\/2025\\\/04\\\/4a95dd96-8880-4ac7-9440-ff7f7222f0db.jpg\",\"datePublished\":\"2025-04-26T17:33:17+00:00\",\"dateModified\":\"2025-04-26T17:36:13+00:00\",\"description\":\"Cat toy set with tunnel and assorted accessories. 22 pieces to stimulate your cat's play and exploration. Durable polyester. Free shipping.\",\"breadcrumb\":{\"@id\":\"https:\\\/\\\/petsroyalpalace.com\\\/product\\\/fun-cat-toy-set-pet-tunnel-and-accessories\\\/#breadcrumb\"},\"inLanguage\":\"fr-FR\",\"potentialAction\":[{\"@type\":\"ReadAction\",\"target\":[\"https:\\\/\\\/petsroyalpalace.com\\\/product\\\/fun-cat-toy-set-pet-tunnel-and-accessories\\\/\"]}]},{\"@type\":\"ImageObject\",\"inLanguage\":\"fr-FR\",\"@id\":\"https:\\\/\\\/petsroyalpalace.com\\\/product\\\/fun-cat-toy-set-pet-tunnel-and-accessories\\\/#primaryimage\",\"url\":\"https:\\\/\\\/petsroyalpalace.com\\\/wp-content\\\/uploads\\\/2025\\\/04\\\/4a95dd96-8880-4ac7-9440-ff7f7222f0db.jpg\",\"contentUrl\":\"https:\\\/\\\/petsroyalpalace.com\\\/wp-content\\\/uploads\\\/2025\\\/04\\\/4a95dd96-8880-4ac7-9440-ff7f7222f0db.jpg\",\"width\":1000,\"height\":1000},{\"@type\":\"BreadcrumbList\",\"@id\":\"https:\\\/\\\/petsroyalpalace.com\\\/product\\\/fun-cat-toy-set-pet-tunnel-and-accessories\\\/#breadcrumb\",\"itemListElement\":[{\"@type\":\"ListItem\",\"position\":1,\"name\":\"Accueil\",\"item\":\"https:\\\/\\\/petsroyalpalace.com\\\/\"},{\"@type\":\"ListItem\",\"position\":2,\"name\":\"Shop\",\"item\":\"https:\\\/\\\/www.petsroyalpalace.com\\\/shop\\\/\"},{\"@type\":\"ListItem\",\"position\":3,\"name\":\"Fun Cat Toy Set &#8211; Pet Tunnel and Accessories\"}]},{\"@type\":\"WebSite\",\"@id\":\"https:\\\/\\\/petsroyalpalace.com\\\/#website\",\"url\":\"https:\\\/\\\/petsroyalpalace.com\\\/\",\"name\":\"petsroyalpalace.com\",\"description\":\"Treasures for your beloved companions, royal love delivered to your home.\",\"publisher\":{\"@id\":\"https:\\\/\\\/petsroyalpalace.com\\\/#organization\"},\"potentialAction\":[{\"@type\":\"SearchAction\",\"target\":{\"@type\":\"EntryPoint\",\"urlTemplate\":\"https:\\\/\\\/petsroyalpalace.com\\\/?s={search_term_string}\"},\"query-input\":{\"@type\":\"PropertyValueSpecification\",\"valueRequired\":true,\"valueName\":\"search_term_string\"}}],\"inLanguage\":\"fr-FR\"},{\"@type\":\"Organization\",\"@id\":\"https:\\\/\\\/petsroyalpalace.com\\\/#organization\",\"name\":\"Pets Royal Palace\",\"url\":\"https:\\\/\\\/petsroyalpalace.com\\\/\",\"logo\":{\"@type\":\"ImageObject\",\"inLanguage\":\"fr-FR\",\"@id\":\"https:\\\/\\\/petsroyalpalace.com\\\/#\\\/schema\\\/logo\\\/image\\\/\",\"url\":\"https:\\\/\\\/petsroyalpalace.com\\\/wp-content\\\/uploads\\\/2025\\\/04\\\/cropped-Logo-Pets-Royal-Palace-.jpg\",\"contentUrl\":\"https:\\\/\\\/petsroyalpalace.com\\\/wp-content\\\/uploads\\\/2025\\\/04\\\/cropped-Logo-Pets-Royal-Palace-.jpg\",\"width\":150,\"height\":150,\"caption\":\"Pets Royal Palace\"},\"image\":{\"@id\":\"https:\\\/\\\/petsroyalpalace.com\\\/#\\\/schema\\\/logo\\\/image\\\/\"},\"sameAs\":[\"https:\\\/\\\/www.facebook.com\\\/share\\\/1AXVxC9z5h\\\/\"]}]}<\/script>\n<!-- \/ Yoast SEO plugin. -->","yoast_head_json":{"title":"Fun Cat Toy Set - Pet Tunnel and Accessories - petsroyalpalace.com","description":"Cat toy set with tunnel and assorted accessories. 22 pieces to stimulate your cat's play and exploration. Durable polyester. Free shipping.","robots":{"index":"index","follow":"follow","max-snippet":"max-snippet:-1","max-image-preview":"max-image-preview:large","max-video-preview":"max-video-preview:-1"},"canonical":"https:\/\/petsroyalpalace.com\/fr\/produit\/fun-cat-toy-set-pet-tunnel-and-accessories\/","og_locale":"fr_FR","og_type":"article","og_title":"Fun Cat Toy Set - Pet Tunnel and Accessories - petsroyalpalace.com","og_description":"Cat toy set with tunnel and assorted accessories. 22 pieces to stimulate your cat's play and exploration. Durable polyester. Free shipping.","og_url":"https:\/\/petsroyalpalace.com\/fr\/produit\/fun-cat-toy-set-pet-tunnel-and-accessories\/","og_site_name":"petsroyalpalace.com","article_publisher":"https:\/\/www.facebook.com\/share\/1AXVxC9z5h\/","article_modified_time":"2025-04-26T17:36:13+00:00","og_image":[{"width":1000,"height":1000,"url":"https:\/\/petsroyalpalace.com\/wp-content\/uploads\/2025\/04\/4a95dd96-8880-4ac7-9440-ff7f7222f0db.jpg","type":"image\/jpeg"}],"twitter_card":"summary_large_image","twitter_misc":{"Dur\u00e9e de lecture estim\u00e9e":"3 minutes"},"schema":{"@context":"https:\/\/schema.org","@graph":[{"@type":"WebPage","@id":"https:\/\/petsroyalpalace.com\/product\/fun-cat-toy-set-pet-tunnel-and-accessories\/","url":"https:\/\/petsroyalpalace.com\/product\/fun-cat-toy-set-pet-tunnel-and-accessories\/","name":"Fun Cat Toy Set - Pet Tunnel and Accessories - petsroyalpalace.com","isPartOf":{"@id":"https:\/\/petsroyalpalace.com\/#website"},"primaryImageOfPage":{"@id":"https:\/\/petsroyalpalace.com\/product\/fun-cat-toy-set-pet-tunnel-and-accessories\/#primaryimage"},"image":{"@id":"https:\/\/petsroyalpalace.com\/product\/fun-cat-toy-set-pet-tunnel-and-accessories\/#primaryimage"},"thumbnailUrl":"https:\/\/petsroyalpalace.com\/wp-content\/uploads\/2025\/04\/4a95dd96-8880-4ac7-9440-ff7f7222f0db.jpg","datePublished":"2025-04-26T17:33:17+00:00","dateModified":"2025-04-26T17:36:13+00:00","description":"Cat toy set with tunnel and assorted accessories. 22 pieces to stimulate your cat's play and exploration. Durable polyester. Free shipping.","breadcrumb":{"@id":"https:\/\/petsroyalpalace.com\/product\/fun-cat-toy-set-pet-tunnel-and-accessories\/#breadcrumb"},"inLanguage":"fr-FR","potentialAction":[{"@type":"ReadAction","target":["https:\/\/petsroyalpalace.com\/product\/fun-cat-toy-set-pet-tunnel-and-accessories\/"]}]},{"@type":"ImageObject","inLanguage":"fr-FR","@id":"https:\/\/petsroyalpalace.com\/product\/fun-cat-toy-set-pet-tunnel-and-accessories\/#primaryimage","url":"https:\/\/petsroyalpalace.com\/wp-content\/uploads\/2025\/04\/4a95dd96-8880-4ac7-9440-ff7f7222f0db.jpg","contentUrl":"https:\/\/petsroyalpalace.com\/wp-content\/uploads\/2025\/04\/4a95dd96-8880-4ac7-9440-ff7f7222f0db.jpg","width":1000,"height":1000},{"@type":"BreadcrumbList","@id":"https:\/\/petsroyalpalace.com\/product\/fun-cat-toy-set-pet-tunnel-and-accessories\/#breadcrumb","itemListElement":[{"@type":"ListItem","position":1,"name":"Accueil","item":"https:\/\/petsroyalpalace.com\/"},{"@type":"ListItem","position":2,"name":"Shop","item":"https:\/\/www.petsroyalpalace.com\/shop\/"},{"@type":"ListItem","position":3,"name":"Fun Cat Toy Set &#8211; Pet Tunnel and Accessories"}]},{"@type":"WebSite","@id":"https:\/\/petsroyalpalace.com\/#website","url":"https:\/\/petsroyalpalace.com\/","name":"petsroyalpalace.com","description":"Treasures for your beloved companions, royal love delivered to your home.","publisher":{"@id":"https:\/\/petsroyalpalace.com\/#organization"},"potentialAction":[{"@type":"SearchAction","target":{"@type":"EntryPoint","urlTemplate":"https:\/\/petsroyalpalace.com\/?s={search_term_string}"},"query-input":{"@type":"PropertyValueSpecification","valueRequired":true,"valueName":"search_term_string"}}],"inLanguage":"fr-FR"},{"@type":"Organization","@id":"https:\/\/petsroyalpalace.com\/#organization","name":"Pets Royal Palace","url":"https:\/\/petsroyalpalace.com\/","logo":{"@type":"ImageObject","inLanguage":"fr-FR","@id":"https:\/\/petsroyalpalace.com\/#\/schema\/logo\/image\/","url":"https:\/\/petsroyalpalace.com\/wp-content\/uploads\/2025\/04\/cropped-Logo-Pets-Royal-Palace-.jpg","contentUrl":"https:\/\/petsroyalpalace.com\/wp-content\/uploads\/2025\/04\/cropped-Logo-Pets-Royal-Palace-.jpg","width":150,"height":150,"caption":"Pets Royal Palace"},"image":{"@id":"https:\/\/petsroyalpalace.com\/#\/schema\/logo\/image\/"},"sameAs":["https:\/\/www.facebook.com\/share\/1AXVxC9z5h\/"]}]}},"uagb_featured_image_src":{"full":["https:\/\/petsroyalpalace.com\/wp-content\/uploads\/2025\/04\/4a95dd96-8880-4ac7-9440-ff7f7222f0db.jpg",1000,1000,false],"thumbnail":["https:\/\/petsroyalpalace.com\/wp-content\/uploads\/2025\/04\/4a95dd96-8880-4ac7-9440-ff7f7222f0db-150x150.jpg",150,150,true],"medium":["https:\/\/petsroyalpalace.com\/wp-content\/uploads\/2025\/04\/4a95dd96-8880-4ac7-9440-ff7f7222f0db-300x300.jpg",300,300,true],"medium_large":["https:\/\/petsroyalpalace.com\/wp-content\/uploads\/2025\/04\/4a95dd96-8880-4ac7-9440-ff7f7222f0db-768x768.jpg",768,768,true],"large":["https:\/\/petsroyalpalace.com\/wp-content\/uploads\/2025\/04\/4a95dd96-8880-4ac7-9440-ff7f7222f0db.jpg",780,780,false],"1536x1536":["https:\/\/petsroyalpalace.com\/wp-content\/uploads\/2025\/04\/4a95dd96-8880-4ac7-9440-ff7f7222f0db.jpg",1000,1000,false],"2048x2048":["https:\/\/petsroyalpalace.com\/wp-content\/uploads\/2025\/04\/4a95dd96-8880-4ac7-9440-ff7f7222f0db.jpg",1000,1000,false],"trp-custom-language-flag":["https:\/\/petsroyalpalace.com\/wp-content\/uploads\/2025\/04\/4a95dd96-8880-4ac7-9440-ff7f7222f0db.jpg",12,12,false],"elegant-pink-post-thumb":["https:\/\/petsroyalpalace.com\/wp-content\/uploads\/2025\/04\/4a95dd96-8880-4ac7-9440-ff7f7222f0db-80x66.jpg",80,66,true],"elegant-pink-slider":["https:\/\/petsroyalpalace.com\/wp-content\/uploads\/2025\/04\/4a95dd96-8880-4ac7-9440-ff7f7222f0db-1000x696.jpg",1000,696,true],"elegant-pink-image":["https:\/\/petsroyalpalace.com\/wp-content\/uploads\/2025\/04\/4a95dd96-8880-4ac7-9440-ff7f7222f0db-780x500.jpg",780,500,true],"elegant-pink-image-full":["https:\/\/petsroyalpalace.com\/wp-content\/uploads\/2025\/04\/4a95dd96-8880-4ac7-9440-ff7f7222f0db-1000x500.jpg",1000,500,true],"elegant-pink-featured-image":["https:\/\/petsroyalpalace.com\/wp-content\/uploads\/2025\/04\/4a95dd96-8880-4ac7-9440-ff7f7222f0db-280x250.jpg",280,250,true],"elegant-pink-3col-image":["https:\/\/petsroyalpalace.com\/wp-content\/uploads\/2025\/04\/4a95dd96-8880-4ac7-9440-ff7f7222f0db-380x228.jpg",380,228,true],"woocommerce_thumbnail":["https:\/\/petsroyalpalace.com\/wp-content\/uploads\/2025\/04\/4a95dd96-8880-4ac7-9440-ff7f7222f0db-150x150.jpg",150,150,true],"woocommerce_single":["https:\/\/petsroyalpalace.com\/wp-content\/uploads\/2025\/04\/4a95dd96-8880-4ac7-9440-ff7f7222f0db-300x300.jpg",300,300,true],"woocommerce_gallery_thumbnail":["https:\/\/petsroyalpalace.com\/wp-content\/uploads\/2025\/04\/4a95dd96-8880-4ac7-9440-ff7f7222f0db-100x100.jpg",100,100,true]},"uagb_author_info":{"display_name":"Animaux de compagnie du Palais Royal","author_link":"https:\/\/petsroyalpalace.com\/fr\/author\/"},"uagb_comment_info":0,"uagb_excerpt":"Cat toy set with tunnel and assorted accessories. 22 pieces to stimulate your cat's play and exploration. Durable polyester. Free shipping.","_links":{"self":[{"href":"https:\/\/petsroyalpalace.com\/fr\/wp-json\/wp\/v2\/product\/8394","targetHints":{"allow":["GET"]}}],"collection":[{"href":"https:\/\/petsroyalpalace.com\/fr\/wp-json\/wp\/v2\/product"}],"about":[{"href":"https:\/\/petsroyalpalace.com\/fr\/wp-json\/wp\/v2\/types\/product"}],"replies":[{"embeddable":true,"href":"https:\/\/petsroyalpalace.com\/fr\/wp-json\/wp\/v2\/comments?post=8394"}],"wp:featuredmedia":[{"embeddable":true,"href":"https:\/\/petsroyalpalace.com\/fr\/wp-json\/wp\/v2\/media\/8384"}],"wp:attachment":[{"href":"https:\/\/petsroyalpalace.com\/fr\/wp-json\/wp\/v2\/media?parent=8394"}],"wp:term":[{"taxonomy":"product_brand","embeddable":true,"href":"https:\/\/petsroyalpalace.com\/fr\/wp-json\/wp\/v2\/product_brand?post=8394"},{"taxonomy":"product_cat","embeddable":true,"href":"https:\/\/petsroyalpalace.com\/fr\/wp-json\/wp\/v2\/product_cat?post=8394"},{"taxonomy":"product_tag","embeddable":true,"href":"https:\/\/petsroyalpalace.com\/fr\/wp-json\/wp\/v2\/product_tag?post=8394"}],"curies":[{"name":"wp","href":"https:\/\/api.w.org\/{rel}","templated":true}]}}