{"id":8468,"date":"2025-04-27T05:41:47","date_gmt":"2025-04-27T05:41:47","guid":{"rendered":"https:\/\/petsroyalpalace.com\/product\/bird-climbing-structure-station-stand-or-swing\/"},"modified":"2025-04-27T12:14:28","modified_gmt":"2025-04-27T12:14:28","slug":"bird-climbing-structure-station-stand-or-swing","status":"publish","type":"product","link":"https:\/\/petsroyalpalace.com\/fr\/produit\/bird-climbing-structure-station-stand-or-swing\/","title":{"rendered":"Bird Climbing Structure \u2013 Station Stand or Swing"},"content":{"rendered":"<p><span style=\"vertical-align: inherit;\"><span style=\"vertical-align: inherit;\">Structure d&#8217;escalade pour oiseaux \u2013 Station ou balan\u00e7oire<\/span><\/span><\/p>\n<p><span style=\"vertical-align: inherit;\"><span style=\"vertical-align: inherit;\">Mat\u00e9riau : bois naturel<\/span><\/span><\/p>\n<p><span style=\"vertical-align: inherit;\"><span style=\"vertical-align: inherit;\">Caract\u00e9ristiques : Durable, Standard<\/span><\/span><\/p>\n<p><span style=\"vertical-align: inherit;\"><span style=\"vertical-align: inherit;\">Dimensions du colis : 5,9&#8243; x 5,1&#8243; x 2,8&#8243;<\/span><\/span><\/p>\n<p><span style=\"vertical-align: inherit;\"><span style=\"vertical-align: inherit;\">Points forts:<\/span><\/span><\/p>\n<p><span style=\"vertical-align: inherit;\"><span style=\"vertical-align: inherit;\">Stimulation physique et mentale : Encourage l\u2019escalade, l\u2019\u00e9quilibre et l\u2019agilit\u00e9 chez votre oiseau.<\/span><\/span><\/p>\n<p><span style=\"vertical-align: inherit;\"><span style=\"vertical-align: inherit;\">Bois naturel non trait\u00e9 : sans danger pour le bec et les griffes, et sans danger pour la sant\u00e9 de votre animal.<\/span><\/span><\/p>\n<p><span style=\"vertical-align: inherit;\"><span style=\"vertical-align: inherit;\">Deux options disponibles :<\/span><\/span><\/p>\n<p><span style=\"vertical-align: inherit;\"><span style=\"vertical-align: inherit;\">Support de station s\u00e9par\u00e9 : id\u00e9al pour se reposer et jouer.<\/span><\/span><\/p>\n<p><span style=\"vertical-align: inherit;\"><span style=\"vertical-align: inherit;\">Station Swing : Encourage l&#8217;activit\u00e9 ludique et le balancement naturel.<\/span><\/span><\/p>\n<p><span style=\"vertical-align: inherit;\"><span style=\"vertical-align: inherit;\">Conception robuste : r\u00e9siste aux mouvements dynamiques et aux griffes.<\/span><\/span><\/p>\n<p><span style=\"vertical-align: inherit;\"><span style=\"vertical-align: inherit;\">Utilisations id\u00e9ales :<\/span><\/span><\/p>\n<p><span style=\"vertical-align: inherit;\"><span style=\"vertical-align: inherit;\">Parfait pour enrichir l&#8217;environnement des oiseaux de petite et moyenne taille tels que les perruches, les ins\u00e9parables et les canaris.<\/span><\/span><\/p>\n<p><span style=\"vertical-align: inherit;\"><span style=\"vertical-align: inherit;\">Installer dans une cage, sur un perchoir ou dans une aire de jeu ext\u00e9rieure s\u00e9curis\u00e9e.<\/span><\/span><\/p>\n<p><span style=\"vertical-align: inherit;\"><span style=\"vertical-align: inherit;\">Contenu du paquet Pack:<\/span><\/span><\/p>\n<p><span style=\"vertical-align: inherit;\"><span style=\"vertical-align: inherit;\">1 x Structure d&#8217;escalade (Support ou Balan\u00e7oire, selon votre choix)<\/span><\/span><\/p>\n<p><span style=\"vertical-align: inherit;\"><span style=\"vertical-align: inherit;\">Livraison gratuite<\/span><\/span><\/p>\n<p><img decoding=\"async\" src=\"https:\/\/cf.cjdropshipping.com\/28829886-f9c7-47e1-8368-733c30b02a3e.jpg?x-oss-process=image\/quality,q_100\" \/><\/p>\n<p>&nbsp;<\/p>\n<p><img decoding=\"async\" src=\"https:\/\/cf.cjdropshipping.com\/3be880f4-6b97-489a-bd7a-64a48959d6e4.jpg?x-oss-process=image\/quality,q_100\" \/><\/p>\n<p>&nbsp;<\/p>\n<p>&nbsp;<\/p>\n<div><b><br \/>\n<\/b><\/div>\n<div><b><span style=\"vertical-align: inherit;\"><span style=\"vertical-align: inherit;\">Liste de colisage :<\/span><\/span><\/b><\/p>\n<p><span style=\"vertical-align: inherit;\"><span style=\"vertical-align: inherit;\"> \u00c9chelle de pont suspendue pour oiseaux en bois * 1 pi\u00e8ce<\/span><\/span><\/div>\n<div>\n<b><span style=\"vertical-align: inherit;\"><span style=\"vertical-align: inherit;\">Image du produit :<\/span><\/span><\/b><\/div>\n<div><b><br \/>\n<\/b><\/div>\n<div><b><br \/>\n<\/b><\/p>\n<div><b><br \/>\n<\/b><\/div>\n<div><b><br \/>\n<\/b><br \/>\n<img decoding=\"async\" src=\"https:\/\/cf.cjdropshipping.com\/4a2fdfd0-90ca-4a42-b40e-986f42c9e24c_trans.jpeg\" \/><br \/>\n<img decoding=\"async\" src=\"https:\/\/cf.cjdropshipping.com\/9670ffe5-4624-4a2f-9c5e-27f76a71e0cd_trans.jpeg\" \/><br \/>\n<img decoding=\"async\" src=\"https:\/\/cf.cjdropshipping.com\/fff75944-4922-4c50-aed2-b7620d1bb173_trans.jpeg\" \/><br \/>\n<img decoding=\"async\" src=\"https:\/\/cf.cjdropshipping.com\/b4f6cb27-1ca5-4114-bb5b-511916b8351d_trans.jpeg\" \/><br \/>\n<img decoding=\"async\" src=\"https:\/\/cf.cjdropshipping.com\/0c505706-0835-4a8d-b151-8d5573451cc8_trans.jpeg\" \/><br \/>\n<img decoding=\"async\" src=\"https:\/\/cf.cjdropshipping.com\/23e9764e-5ecb-4e1e-8025-cc20ad6a6a48_trans.jpeg\" \/><\/div>\n<\/div>\n<p>&nbsp;<\/p>","protected":false},"excerpt":{"rendered":"<p>Natural wood climbing structure for birds. Stand or swing to stimulate activity and well-being. Free shipping.<\/p>","protected":false},"featured_media":8458,"comment_status":"open","ping_status":"closed","template":"","meta":{"_uag_custom_page_level_css":""},"product_brand":[],"product_cat":[37,203],"product_tag":[],"class_list":{"0":"post-8468","1":"product","2":"type-product","3":"status-publish","4":"has-post-thumbnail","6":"product_cat-bird","7":"product_cat-toys","8":"latest_post","10":"first","11":"instock","12":"taxable","13":"shipping-taxable","14":"purchasable","15":"product-type-variable"},"yoast_head":"<!-- This site is optimized with the Yoast SEO plugin v27.4 - https:\/\/yoast.com\/product\/yoast-seo-wordpress\/ -->\n<title>Bird Climbing Structure \u2013 Station Stand or Swing - petsroyalpalace.com<\/title>\n<meta name=\"description\" content=\"Natural wood climbing structure for birds. Stand or swing to stimulate activity and well-being. Free shipping.\" \/>\n<meta name=\"robots\" content=\"index, follow, max-snippet:-1, max-image-preview:large, max-video-preview:-1\" \/>\n<link rel=\"canonical\" href=\"https:\/\/petsroyalpalace.com\/fr\/produit\/bird-climbing-structure-station-stand-or-swing\/\" \/>\n<meta property=\"og:locale\" content=\"fr_FR\" \/>\n<meta property=\"og:type\" content=\"article\" \/>\n<meta property=\"og:title\" content=\"Bird Climbing Structure \u2013 Station Stand or Swing - petsroyalpalace.com\" \/>\n<meta property=\"og:description\" content=\"Natural wood climbing structure for birds. Stand or swing to stimulate activity and well-being. Free shipping.\" \/>\n<meta property=\"og:url\" content=\"https:\/\/petsroyalpalace.com\/fr\/produit\/bird-climbing-structure-station-stand-or-swing\/\" \/>\n<meta property=\"og:site_name\" content=\"petsroyalpalace.com\" \/>\n<meta property=\"article:publisher\" content=\"https:\/\/www.facebook.com\/share\/1AXVxC9z5h\/\" \/>\n<meta property=\"article:modified_time\" content=\"2025-04-27T12:14:28+00:00\" \/>\n<meta property=\"og:image\" content=\"https:\/\/petsroyalpalace.com\/wp-content\/uploads\/2025\/04\/4b54b12e-7266-4228-8d05-1b040322962e.jpg\" \/>\n\t<meta property=\"og:image:width\" content=\"1200\" \/>\n\t<meta property=\"og:image:height\" content=\"1200\" \/>\n\t<meta property=\"og:image:type\" content=\"image\/jpeg\" \/>\n<meta name=\"twitter:card\" content=\"summary_large_image\" \/>\n<meta name=\"twitter:label1\" content=\"Dur\u00e9e de lecture estim\u00e9e\" \/>\n\t<meta name=\"twitter:data1\" content=\"3 minutes\" \/>\n<script type=\"application\/ld+json\" class=\"yoast-schema-graph\">{\"@context\":\"https:\\\/\\\/schema.org\",\"@graph\":[{\"@type\":\"WebPage\",\"@id\":\"https:\\\/\\\/petsroyalpalace.com\\\/product\\\/bird-climbing-structure-station-stand-or-swing\\\/\",\"url\":\"https:\\\/\\\/petsroyalpalace.com\\\/product\\\/bird-climbing-structure-station-stand-or-swing\\\/\",\"name\":\"Bird Climbing Structure \u2013 Station Stand or Swing - petsroyalpalace.com\",\"isPartOf\":{\"@id\":\"https:\\\/\\\/petsroyalpalace.com\\\/#website\"},\"primaryImageOfPage\":{\"@id\":\"https:\\\/\\\/petsroyalpalace.com\\\/product\\\/bird-climbing-structure-station-stand-or-swing\\\/#primaryimage\"},\"image\":{\"@id\":\"https:\\\/\\\/petsroyalpalace.com\\\/product\\\/bird-climbing-structure-station-stand-or-swing\\\/#primaryimage\"},\"thumbnailUrl\":\"https:\\\/\\\/petsroyalpalace.com\\\/wp-content\\\/uploads\\\/2025\\\/04\\\/4b54b12e-7266-4228-8d05-1b040322962e.jpg\",\"datePublished\":\"2025-04-27T05:41:47+00:00\",\"dateModified\":\"2025-04-27T12:14:28+00:00\",\"description\":\"Natural wood climbing structure for birds. Stand or swing to stimulate activity and well-being. Free shipping.\",\"breadcrumb\":{\"@id\":\"https:\\\/\\\/petsroyalpalace.com\\\/product\\\/bird-climbing-structure-station-stand-or-swing\\\/#breadcrumb\"},\"inLanguage\":\"fr-FR\",\"potentialAction\":[{\"@type\":\"ReadAction\",\"target\":[\"https:\\\/\\\/petsroyalpalace.com\\\/product\\\/bird-climbing-structure-station-stand-or-swing\\\/\"]}]},{\"@type\":\"ImageObject\",\"inLanguage\":\"fr-FR\",\"@id\":\"https:\\\/\\\/petsroyalpalace.com\\\/product\\\/bird-climbing-structure-station-stand-or-swing\\\/#primaryimage\",\"url\":\"https:\\\/\\\/petsroyalpalace.com\\\/wp-content\\\/uploads\\\/2025\\\/04\\\/4b54b12e-7266-4228-8d05-1b040322962e.jpg\",\"contentUrl\":\"https:\\\/\\\/petsroyalpalace.com\\\/wp-content\\\/uploads\\\/2025\\\/04\\\/4b54b12e-7266-4228-8d05-1b040322962e.jpg\",\"width\":1200,\"height\":1200},{\"@type\":\"BreadcrumbList\",\"@id\":\"https:\\\/\\\/petsroyalpalace.com\\\/product\\\/bird-climbing-structure-station-stand-or-swing\\\/#breadcrumb\",\"itemListElement\":[{\"@type\":\"ListItem\",\"position\":1,\"name\":\"Accueil\",\"item\":\"https:\\\/\\\/petsroyalpalace.com\\\/\"},{\"@type\":\"ListItem\",\"position\":2,\"name\":\"Shop\",\"item\":\"https:\\\/\\\/www.petsroyalpalace.com\\\/shop\\\/\"},{\"@type\":\"ListItem\",\"position\":3,\"name\":\"Bird Climbing Structure \u2013 Station Stand or Swing\"}]},{\"@type\":\"WebSite\",\"@id\":\"https:\\\/\\\/petsroyalpalace.com\\\/#website\",\"url\":\"https:\\\/\\\/petsroyalpalace.com\\\/\",\"name\":\"petsroyalpalace.com\",\"description\":\"Treasures for your beloved companions, royal love delivered to your home.\",\"publisher\":{\"@id\":\"https:\\\/\\\/petsroyalpalace.com\\\/#organization\"},\"potentialAction\":[{\"@type\":\"SearchAction\",\"target\":{\"@type\":\"EntryPoint\",\"urlTemplate\":\"https:\\\/\\\/petsroyalpalace.com\\\/?s={search_term_string}\"},\"query-input\":{\"@type\":\"PropertyValueSpecification\",\"valueRequired\":true,\"valueName\":\"search_term_string\"}}],\"inLanguage\":\"fr-FR\"},{\"@type\":\"Organization\",\"@id\":\"https:\\\/\\\/petsroyalpalace.com\\\/#organization\",\"name\":\"Pets Royal Palace\",\"url\":\"https:\\\/\\\/petsroyalpalace.com\\\/\",\"logo\":{\"@type\":\"ImageObject\",\"inLanguage\":\"fr-FR\",\"@id\":\"https:\\\/\\\/petsroyalpalace.com\\\/#\\\/schema\\\/logo\\\/image\\\/\",\"url\":\"https:\\\/\\\/petsroyalpalace.com\\\/wp-content\\\/uploads\\\/2025\\\/04\\\/cropped-Logo-Pets-Royal-Palace-.jpg\",\"contentUrl\":\"https:\\\/\\\/petsroyalpalace.com\\\/wp-content\\\/uploads\\\/2025\\\/04\\\/cropped-Logo-Pets-Royal-Palace-.jpg\",\"width\":150,\"height\":150,\"caption\":\"Pets Royal Palace\"},\"image\":{\"@id\":\"https:\\\/\\\/petsroyalpalace.com\\\/#\\\/schema\\\/logo\\\/image\\\/\"},\"sameAs\":[\"https:\\\/\\\/www.facebook.com\\\/share\\\/1AXVxC9z5h\\\/\"]}]}<\/script>\n<!-- \/ Yoast SEO plugin. -->","yoast_head_json":{"title":"Bird Climbing Structure \u2013 Station Stand or Swing - petsroyalpalace.com","description":"Natural wood climbing structure for birds. Stand or swing to stimulate activity and well-being. Free shipping.","robots":{"index":"index","follow":"follow","max-snippet":"max-snippet:-1","max-image-preview":"max-image-preview:large","max-video-preview":"max-video-preview:-1"},"canonical":"https:\/\/petsroyalpalace.com\/fr\/produit\/bird-climbing-structure-station-stand-or-swing\/","og_locale":"fr_FR","og_type":"article","og_title":"Bird Climbing Structure \u2013 Station Stand or Swing - petsroyalpalace.com","og_description":"Natural wood climbing structure for birds. Stand or swing to stimulate activity and well-being. Free shipping.","og_url":"https:\/\/petsroyalpalace.com\/fr\/produit\/bird-climbing-structure-station-stand-or-swing\/","og_site_name":"petsroyalpalace.com","article_publisher":"https:\/\/www.facebook.com\/share\/1AXVxC9z5h\/","article_modified_time":"2025-04-27T12:14:28+00:00","og_image":[{"width":1200,"height":1200,"url":"https:\/\/petsroyalpalace.com\/wp-content\/uploads\/2025\/04\/4b54b12e-7266-4228-8d05-1b040322962e.jpg","type":"image\/jpeg"}],"twitter_card":"summary_large_image","twitter_misc":{"Dur\u00e9e de lecture estim\u00e9e":"3 minutes"},"schema":{"@context":"https:\/\/schema.org","@graph":[{"@type":"WebPage","@id":"https:\/\/petsroyalpalace.com\/product\/bird-climbing-structure-station-stand-or-swing\/","url":"https:\/\/petsroyalpalace.com\/product\/bird-climbing-structure-station-stand-or-swing\/","name":"Bird Climbing Structure \u2013 Station Stand or Swing - petsroyalpalace.com","isPartOf":{"@id":"https:\/\/petsroyalpalace.com\/#website"},"primaryImageOfPage":{"@id":"https:\/\/petsroyalpalace.com\/product\/bird-climbing-structure-station-stand-or-swing\/#primaryimage"},"image":{"@id":"https:\/\/petsroyalpalace.com\/product\/bird-climbing-structure-station-stand-or-swing\/#primaryimage"},"thumbnailUrl":"https:\/\/petsroyalpalace.com\/wp-content\/uploads\/2025\/04\/4b54b12e-7266-4228-8d05-1b040322962e.jpg","datePublished":"2025-04-27T05:41:47+00:00","dateModified":"2025-04-27T12:14:28+00:00","description":"Natural wood climbing structure for birds. Stand or swing to stimulate activity and well-being. Free shipping.","breadcrumb":{"@id":"https:\/\/petsroyalpalace.com\/product\/bird-climbing-structure-station-stand-or-swing\/#breadcrumb"},"inLanguage":"fr-FR","potentialAction":[{"@type":"ReadAction","target":["https:\/\/petsroyalpalace.com\/product\/bird-climbing-structure-station-stand-or-swing\/"]}]},{"@type":"ImageObject","inLanguage":"fr-FR","@id":"https:\/\/petsroyalpalace.com\/product\/bird-climbing-structure-station-stand-or-swing\/#primaryimage","url":"https:\/\/petsroyalpalace.com\/wp-content\/uploads\/2025\/04\/4b54b12e-7266-4228-8d05-1b040322962e.jpg","contentUrl":"https:\/\/petsroyalpalace.com\/wp-content\/uploads\/2025\/04\/4b54b12e-7266-4228-8d05-1b040322962e.jpg","width":1200,"height":1200},{"@type":"BreadcrumbList","@id":"https:\/\/petsroyalpalace.com\/product\/bird-climbing-structure-station-stand-or-swing\/#breadcrumb","itemListElement":[{"@type":"ListItem","position":1,"name":"Accueil","item":"https:\/\/petsroyalpalace.com\/"},{"@type":"ListItem","position":2,"name":"Shop","item":"https:\/\/www.petsroyalpalace.com\/shop\/"},{"@type":"ListItem","position":3,"name":"Bird Climbing Structure \u2013 Station Stand or Swing"}]},{"@type":"WebSite","@id":"https:\/\/petsroyalpalace.com\/#website","url":"https:\/\/petsroyalpalace.com\/","name":"petsroyalpalace.com","description":"Treasures for your beloved companions, royal love delivered to your home.","publisher":{"@id":"https:\/\/petsroyalpalace.com\/#organization"},"potentialAction":[{"@type":"SearchAction","target":{"@type":"EntryPoint","urlTemplate":"https:\/\/petsroyalpalace.com\/?s={search_term_string}"},"query-input":{"@type":"PropertyValueSpecification","valueRequired":true,"valueName":"search_term_string"}}],"inLanguage":"fr-FR"},{"@type":"Organization","@id":"https:\/\/petsroyalpalace.com\/#organization","name":"Pets Royal Palace","url":"https:\/\/petsroyalpalace.com\/","logo":{"@type":"ImageObject","inLanguage":"fr-FR","@id":"https:\/\/petsroyalpalace.com\/#\/schema\/logo\/image\/","url":"https:\/\/petsroyalpalace.com\/wp-content\/uploads\/2025\/04\/cropped-Logo-Pets-Royal-Palace-.jpg","contentUrl":"https:\/\/petsroyalpalace.com\/wp-content\/uploads\/2025\/04\/cropped-Logo-Pets-Royal-Palace-.jpg","width":150,"height":150,"caption":"Pets Royal Palace"},"image":{"@id":"https:\/\/petsroyalpalace.com\/#\/schema\/logo\/image\/"},"sameAs":["https:\/\/www.facebook.com\/share\/1AXVxC9z5h\/"]}]}},"uagb_featured_image_src":{"full":["https:\/\/petsroyalpalace.com\/wp-content\/uploads\/2025\/04\/4b54b12e-7266-4228-8d05-1b040322962e.jpg",1200,1200,false],"thumbnail":["https:\/\/petsroyalpalace.com\/wp-content\/uploads\/2025\/04\/4b54b12e-7266-4228-8d05-1b040322962e-150x150.jpg",150,150,true],"medium":["https:\/\/petsroyalpalace.com\/wp-content\/uploads\/2025\/04\/4b54b12e-7266-4228-8d05-1b040322962e-300x300.jpg",300,300,true],"medium_large":["https:\/\/petsroyalpalace.com\/wp-content\/uploads\/2025\/04\/4b54b12e-7266-4228-8d05-1b040322962e-768x768.jpg",768,768,true],"large":["https:\/\/petsroyalpalace.com\/wp-content\/uploads\/2025\/04\/4b54b12e-7266-4228-8d05-1b040322962e-1024x1024.jpg",780,780,true],"1536x1536":["https:\/\/petsroyalpalace.com\/wp-content\/uploads\/2025\/04\/4b54b12e-7266-4228-8d05-1b040322962e.jpg",1200,1200,false],"2048x2048":["https:\/\/petsroyalpalace.com\/wp-content\/uploads\/2025\/04\/4b54b12e-7266-4228-8d05-1b040322962e.jpg",1200,1200,false],"trp-custom-language-flag":["https:\/\/petsroyalpalace.com\/wp-content\/uploads\/2025\/04\/4b54b12e-7266-4228-8d05-1b040322962e.jpg",12,12,false],"elegant-pink-post-thumb":["https:\/\/petsroyalpalace.com\/wp-content\/uploads\/2025\/04\/4b54b12e-7266-4228-8d05-1b040322962e-80x66.jpg",80,66,true],"elegant-pink-slider":["https:\/\/petsroyalpalace.com\/wp-content\/uploads\/2025\/04\/4b54b12e-7266-4228-8d05-1b040322962e-1200x696.jpg",1200,696,true],"elegant-pink-image":["https:\/\/petsroyalpalace.com\/wp-content\/uploads\/2025\/04\/4b54b12e-7266-4228-8d05-1b040322962e-780x500.jpg",780,500,true],"elegant-pink-image-full":["https:\/\/petsroyalpalace.com\/wp-content\/uploads\/2025\/04\/4b54b12e-7266-4228-8d05-1b040322962e-1180x500.jpg",1180,500,true],"elegant-pink-featured-image":["https:\/\/petsroyalpalace.com\/wp-content\/uploads\/2025\/04\/4b54b12e-7266-4228-8d05-1b040322962e-280x250.jpg",280,250,true],"elegant-pink-3col-image":["https:\/\/petsroyalpalace.com\/wp-content\/uploads\/2025\/04\/4b54b12e-7266-4228-8d05-1b040322962e-380x228.jpg",380,228,true],"woocommerce_thumbnail":["https:\/\/petsroyalpalace.com\/wp-content\/uploads\/2025\/04\/4b54b12e-7266-4228-8d05-1b040322962e-150x150.jpg",150,150,true],"woocommerce_single":["https:\/\/petsroyalpalace.com\/wp-content\/uploads\/2025\/04\/4b54b12e-7266-4228-8d05-1b040322962e-300x300.jpg",300,300,true],"woocommerce_gallery_thumbnail":["https:\/\/petsroyalpalace.com\/wp-content\/uploads\/2025\/04\/4b54b12e-7266-4228-8d05-1b040322962e-100x100.jpg",100,100,true]},"uagb_author_info":{"display_name":"Animaux de compagnie du Palais Royal","author_link":"https:\/\/petsroyalpalace.com\/fr\/author\/"},"uagb_comment_info":0,"uagb_excerpt":"Natural wood climbing structure for birds. Stand or swing to stimulate activity and well-being. Free shipping.","_links":{"self":[{"href":"https:\/\/petsroyalpalace.com\/fr\/wp-json\/wp\/v2\/product\/8468","targetHints":{"allow":["GET"]}}],"collection":[{"href":"https:\/\/petsroyalpalace.com\/fr\/wp-json\/wp\/v2\/product"}],"about":[{"href":"https:\/\/petsroyalpalace.com\/fr\/wp-json\/wp\/v2\/types\/product"}],"replies":[{"embeddable":true,"href":"https:\/\/petsroyalpalace.com\/fr\/wp-json\/wp\/v2\/comments?post=8468"}],"wp:featuredmedia":[{"embeddable":true,"href":"https:\/\/petsroyalpalace.com\/fr\/wp-json\/wp\/v2\/media\/8458"}],"wp:attachment":[{"href":"https:\/\/petsroyalpalace.com\/fr\/wp-json\/wp\/v2\/media?parent=8468"}],"wp:term":[{"taxonomy":"product_brand","embeddable":true,"href":"https:\/\/petsroyalpalace.com\/fr\/wp-json\/wp\/v2\/product_brand?post=8468"},{"taxonomy":"product_cat","embeddable":true,"href":"https:\/\/petsroyalpalace.com\/fr\/wp-json\/wp\/v2\/product_cat?post=8468"},{"taxonomy":"product_tag","embeddable":true,"href":"https:\/\/petsroyalpalace.com\/fr\/wp-json\/wp\/v2\/product_tag?post=8468"}],"curies":[{"name":"wp","href":"https:\/\/api.w.org\/{rel}","templated":true}]}}